{"id":4721,"date":"2022-10-19T10:26:25","date_gmt":"2022-10-19T10:26:25","guid":{"rendered":"https:\/\/ptullis.se\/?product=skidkurs-nyborjare-copy"},"modified":"2023-08-29T15:08:52","modified_gmt":"2023-08-29T15:08:52","slug":"skidkurs-nyborjare-copy","status":"publish","type":"product","link":"https:\/\/ptullis.se\/?product=skidkurs-nyborjare-copy","title":{"rendered":"SKATEKURS"},"content":{"rendered":"<div class=\"cxmmr5t8 oygrvhab hcukyx3x c1et5uql o9v6fnle\">Nu \u00e4r det dags f\u00f6r skatekurs igen. Skate \u00e4r ju s\u00e5 underbart kul och det \u00e4r roligt att se att fler och fler b\u00f6rja att \u00e5ka skate. Men det blir \u00e4nnu roligare om du hittar b\u00e4ttre teknik. D\u00e4rf\u00f6r k\u00f6r jag l\u00f6rdag 19 november en kurs just f\u00f6r att vi ska l\u00e4ra oss grunderna i skate. Vi g\u00e5r igenom de olika v\u00e4xlarna (\u00e5ks\u00e4tten i skatetekniken), tr\u00e4nar p\u00e5 utf\u00f6rs\u00e5kning och kurvtagning allt genom bra och roliga \u00f6vningar.<br \/>\nDu beh\u00f6ver inte ha n\u00e5gra f\u00f6rkunskaper f\u00f6r att var med p\u00e5 kursen utan kan vara helt ny p\u00e5 skate. Kursen passar dock \u00e4ven dig som \u00e5kt lite skate p\u00e5 egen hand men inte tagit n\u00e5gon teknikkurs tidigare.<\/div>\n<p>Om du inte har egen utrustning s\u00e5 har jag b\u00e5da skidor, pj\u00e4xor och stavar till uthyrning.<\/p>\n<div class=\"cxmmr5t8 oygrvhab hcukyx3x c1et5uql o9v6fnle\"><\/div>\n","protected":false},"excerpt":{"rendered":"<p>Skatekurs<\/p>\n","protected":false},"featured_media":0,"template":"","meta":[],"product_brand":[],"product_cat":[17],"product_tag":[],"class_list":{"0":"post-4721","1":"product","2":"type-product","3":"status-publish","5":"product_cat-okategoriserad","7":"first","8":"instock","9":"taxable","10":"shipping-taxable","11":"purchasable","12":"product-type-simple"},"yoast_head":"<!-- This site is optimized with the Yoast SEO plugin v27.4 - https:\/\/yoast.com\/product\/yoast-seo-wordpress\/ -->\n<title>SKATEKURS - PT Ullis<\/title>\n<meta name=\"description\" content=\"Nu \u00e4r det dags f\u00f6r skatekurs igen. Skate \u00e4r ju s\u00e5 underbart kul och det \u00e4r roligt att se att fler och fler b\u00f6rja att \u00e5ka skate. Men det blir \u00e4nnu roligare om du hittar b\u00e4ttre teknik. D\u00e4rf\u00f6r k\u00f6r jag en kurs just f\u00f6r att vi ska l\u00e4ra oss grunderna i skate. Vi g\u00e5r igenom de olika v\u00e4xlarna (\u00e5ks\u00e4tten i skatetekniken), tr\u00e4nar p\u00e5 utf\u00f6rs\u00e5kning och kurvtagning allt genom bra och roliga \u00f6vningar. Du beh\u00f6ver inte ha n\u00e5gra f\u00f6rkunskaper f\u00f6r att var med p\u00e5 kursen utan kan vara helt ny p\u00e5 skate. Kursen passar dock \u00e4ven dig som \u00e5kt lite skate p\u00e5 egen hand men inte tagit n\u00e5gon teknikkurs tidigare. Om du inte har egen utrustning s\u00e5 har jag b\u00e5da skidor, pj\u00e4xor och stavar till uthyrning.\" \/>\n<meta name=\"robots\" content=\"index, follow, max-snippet:-1, max-image-preview:large, max-video-preview:-1\" \/>\n<link rel=\"canonical\" href=\"https:\/\/ptullis.se\/?product=skidkurs-nyborjare-copy\" \/>\n<meta property=\"og:locale\" content=\"sv_SE\" \/>\n<meta property=\"og:type\" content=\"article\" \/>\n<meta property=\"og:title\" content=\"SKATEKURS - PT Ullis\" \/>\n<meta property=\"og:description\" content=\"Nu \u00e4r det dags f\u00f6r skatekurs igen. Skate \u00e4r ju s\u00e5 underbart kul och det \u00e4r roligt att se att fler och fler b\u00f6rja att \u00e5ka skate. Men det blir \u00e4nnu roligare om du hittar b\u00e4ttre teknik. D\u00e4rf\u00f6r k\u00f6r jag en kurs just f\u00f6r att vi ska l\u00e4ra oss grunderna i skate. Vi g\u00e5r igenom de olika v\u00e4xlarna (\u00e5ks\u00e4tten i skatetekniken), tr\u00e4nar p\u00e5 utf\u00f6rs\u00e5kning och kurvtagning allt genom bra och roliga \u00f6vningar. Du beh\u00f6ver inte ha n\u00e5gra f\u00f6rkunskaper f\u00f6r att var med p\u00e5 kursen utan kan vara helt ny p\u00e5 skate. Kursen passar dock \u00e4ven dig som \u00e5kt lite skate p\u00e5 egen hand men inte tagit n\u00e5gon teknikkurs tidigare. Om du inte har egen utrustning s\u00e5 har jag b\u00e5da skidor, pj\u00e4xor och stavar till uthyrning.\" \/>\n<meta property=\"og:url\" content=\"https:\/\/ptullis.se\/?product=skidkurs-nyborjare-copy\" \/>\n<meta property=\"og:site_name\" content=\"PT Ullis\" \/>\n<meta property=\"article:modified_time\" content=\"2023-08-29T15:08:52+00:00\" \/>\n<meta name=\"twitter:card\" content=\"summary_large_image\" \/>\n<meta name=\"twitter:label1\" content=\"Ber\u00e4knad l\u00e4stid\" \/>\n\t<meta name=\"twitter:data1\" content=\"1 minut\" \/>\n<script type=\"application\/ld+json\" class=\"yoast-schema-graph\">{\"@context\":\"https:\\\/\\\/schema.org\",\"@graph\":[{\"@type\":\"WebPage\",\"@id\":\"https:\\\/\\\/ptullis.se\\\/?product=skidkurs-nyborjare-copy\",\"url\":\"https:\\\/\\\/ptullis.se\\\/?product=skidkurs-nyborjare-copy\",\"name\":\"SKATEKURS - PT Ullis\",\"isPartOf\":{\"@id\":\"https:\\\/\\\/ptullis.se\\\/#website\"},\"datePublished\":\"2022-10-19T10:26:25+00:00\",\"dateModified\":\"2023-08-29T15:08:52+00:00\",\"description\":\"Nu \u00e4r det dags f\u00f6r skatekurs igen. Skate \u00e4r ju s\u00e5 underbart kul och det \u00e4r roligt att se att fler och fler b\u00f6rja att \u00e5ka skate. Men det blir \u00e4nnu roligare om du hittar b\u00e4ttre teknik. D\u00e4rf\u00f6r k\u00f6r jag en kurs just f\u00f6r att vi ska l\u00e4ra oss grunderna i skate. Vi g\u00e5r igenom de olika v\u00e4xlarna (\u00e5ks\u00e4tten i skatetekniken), tr\u00e4nar p\u00e5 utf\u00f6rs\u00e5kning och kurvtagning allt genom bra och roliga \u00f6vningar. Du beh\u00f6ver inte ha n\u00e5gra f\u00f6rkunskaper f\u00f6r att var med p\u00e5 kursen utan kan vara helt ny p\u00e5 skate. Kursen passar dock \u00e4ven dig som \u00e5kt lite skate p\u00e5 egen hand men inte tagit n\u00e5gon teknikkurs tidigare. Om du inte har egen utrustning s\u00e5 har jag b\u00e5da skidor, pj\u00e4xor och stavar till uthyrning.\",\"breadcrumb\":{\"@id\":\"https:\\\/\\\/ptullis.se\\\/?product=skidkurs-nyborjare-copy#breadcrumb\"},\"inLanguage\":\"sv-SE\",\"potentialAction\":[{\"@type\":\"ReadAction\",\"target\":[\"https:\\\/\\\/ptullis.se\\\/?product=skidkurs-nyborjare-copy\"]}]},{\"@type\":\"BreadcrumbList\",\"@id\":\"https:\\\/\\\/ptullis.se\\\/?product=skidkurs-nyborjare-copy#breadcrumb\",\"itemListElement\":[{\"@type\":\"ListItem\",\"position\":1,\"name\":\"Hem\",\"item\":\"https:\\\/\\\/ptullis.se\\\/\"},{\"@type\":\"ListItem\",\"position\":2,\"name\":\"Products\",\"item\":\"https:\\\/\\\/ptullis.se\\\/butik__trashed\\\/\"},{\"@type\":\"ListItem\",\"position\":3,\"name\":\"SKATEKURS\"}]},{\"@type\":\"WebSite\",\"@id\":\"https:\\\/\\\/ptullis.se\\\/#website\",\"url\":\"https:\\\/\\\/ptullis.se\\\/\",\"name\":\"PT Ullis\",\"description\":\"Sport och Coachning\",\"publisher\":{\"@id\":\"https:\\\/\\\/ptullis.se\\\/#organization\"},\"potentialAction\":[{\"@type\":\"SearchAction\",\"target\":{\"@type\":\"EntryPoint\",\"urlTemplate\":\"https:\\\/\\\/ptullis.se\\\/?s={search_term_string}\"},\"query-input\":{\"@type\":\"PropertyValueSpecification\",\"valueRequired\":true,\"valueName\":\"search_term_string\"}}],\"inLanguage\":\"sv-SE\"},{\"@type\":\"Organization\",\"@id\":\"https:\\\/\\\/ptullis.se\\\/#organization\",\"name\":\"PT Ullis\",\"url\":\"https:\\\/\\\/ptullis.se\\\/\",\"logo\":{\"@type\":\"ImageObject\",\"inLanguage\":\"sv-SE\",\"@id\":\"https:\\\/\\\/ptullis.se\\\/#\\\/schema\\\/logo\\\/image\\\/\",\"url\":\"https:\\\/\\\/ptullis.se\\\/wp-content\\\/uploads\\\/2020\\\/02\\\/Logotype.png\",\"contentUrl\":\"https:\\\/\\\/ptullis.se\\\/wp-content\\\/uploads\\\/2020\\\/02\\\/Logotype.png\",\"width\":1819,\"height\":548,\"caption\":\"PT Ullis\"},\"image\":{\"@id\":\"https:\\\/\\\/ptullis.se\\\/#\\\/schema\\\/logo\\\/image\\\/\"}}]}<\/script>\n<!-- \/ Yoast SEO plugin. -->","yoast_head_json":{"title":"SKATEKURS - PT Ullis","description":"Nu \u00e4r det dags f\u00f6r skatekurs igen. Skate \u00e4r ju s\u00e5 underbart kul och det \u00e4r roligt att se att fler och fler b\u00f6rja att \u00e5ka skate. Men det blir \u00e4nnu roligare om du hittar b\u00e4ttre teknik. D\u00e4rf\u00f6r k\u00f6r jag en kurs just f\u00f6r att vi ska l\u00e4ra oss grunderna i skate. Vi g\u00e5r igenom de olika v\u00e4xlarna (\u00e5ks\u00e4tten i skatetekniken), tr\u00e4nar p\u00e5 utf\u00f6rs\u00e5kning och kurvtagning allt genom bra och roliga \u00f6vningar. Du beh\u00f6ver inte ha n\u00e5gra f\u00f6rkunskaper f\u00f6r att var med p\u00e5 kursen utan kan vara helt ny p\u00e5 skate. Kursen passar dock \u00e4ven dig som \u00e5kt lite skate p\u00e5 egen hand men inte tagit n\u00e5gon teknikkurs tidigare. Om du inte har egen utrustning s\u00e5 har jag b\u00e5da skidor, pj\u00e4xor och stavar till uthyrning.","robots":{"index":"index","follow":"follow","max-snippet":"max-snippet:-1","max-image-preview":"max-image-preview:large","max-video-preview":"max-video-preview:-1"},"canonical":"https:\/\/ptullis.se\/?product=skidkurs-nyborjare-copy","og_locale":"sv_SE","og_type":"article","og_title":"SKATEKURS - PT Ullis","og_description":"Nu \u00e4r det dags f\u00f6r skatekurs igen. Skate \u00e4r ju s\u00e5 underbart kul och det \u00e4r roligt att se att fler och fler b\u00f6rja att \u00e5ka skate. Men det blir \u00e4nnu roligare om du hittar b\u00e4ttre teknik. D\u00e4rf\u00f6r k\u00f6r jag en kurs just f\u00f6r att vi ska l\u00e4ra oss grunderna i skate. Vi g\u00e5r igenom de olika v\u00e4xlarna (\u00e5ks\u00e4tten i skatetekniken), tr\u00e4nar p\u00e5 utf\u00f6rs\u00e5kning och kurvtagning allt genom bra och roliga \u00f6vningar. Du beh\u00f6ver inte ha n\u00e5gra f\u00f6rkunskaper f\u00f6r att var med p\u00e5 kursen utan kan vara helt ny p\u00e5 skate. Kursen passar dock \u00e4ven dig som \u00e5kt lite skate p\u00e5 egen hand men inte tagit n\u00e5gon teknikkurs tidigare. Om du inte har egen utrustning s\u00e5 har jag b\u00e5da skidor, pj\u00e4xor och stavar till uthyrning.","og_url":"https:\/\/ptullis.se\/?product=skidkurs-nyborjare-copy","og_site_name":"PT Ullis","article_modified_time":"2023-08-29T15:08:52+00:00","twitter_card":"summary_large_image","twitter_misc":{"Ber\u00e4knad l\u00e4stid":"1 minut"},"schema":{"@context":"https:\/\/schema.org","@graph":[{"@type":"WebPage","@id":"https:\/\/ptullis.se\/?product=skidkurs-nyborjare-copy","url":"https:\/\/ptullis.se\/?product=skidkurs-nyborjare-copy","name":"SKATEKURS - PT Ullis","isPartOf":{"@id":"https:\/\/ptullis.se\/#website"},"datePublished":"2022-10-19T10:26:25+00:00","dateModified":"2023-08-29T15:08:52+00:00","description":"Nu \u00e4r det dags f\u00f6r skatekurs igen. Skate \u00e4r ju s\u00e5 underbart kul och det \u00e4r roligt att se att fler och fler b\u00f6rja att \u00e5ka skate. Men det blir \u00e4nnu roligare om du hittar b\u00e4ttre teknik. D\u00e4rf\u00f6r k\u00f6r jag en kurs just f\u00f6r att vi ska l\u00e4ra oss grunderna i skate. Vi g\u00e5r igenom de olika v\u00e4xlarna (\u00e5ks\u00e4tten i skatetekniken), tr\u00e4nar p\u00e5 utf\u00f6rs\u00e5kning och kurvtagning allt genom bra och roliga \u00f6vningar. Du beh\u00f6ver inte ha n\u00e5gra f\u00f6rkunskaper f\u00f6r att var med p\u00e5 kursen utan kan vara helt ny p\u00e5 skate. Kursen passar dock \u00e4ven dig som \u00e5kt lite skate p\u00e5 egen hand men inte tagit n\u00e5gon teknikkurs tidigare. Om du inte har egen utrustning s\u00e5 har jag b\u00e5da skidor, pj\u00e4xor och stavar till uthyrning.","breadcrumb":{"@id":"https:\/\/ptullis.se\/?product=skidkurs-nyborjare-copy#breadcrumb"},"inLanguage":"sv-SE","potentialAction":[{"@type":"ReadAction","target":["https:\/\/ptullis.se\/?product=skidkurs-nyborjare-copy"]}]},{"@type":"BreadcrumbList","@id":"https:\/\/ptullis.se\/?product=skidkurs-nyborjare-copy#breadcrumb","itemListElement":[{"@type":"ListItem","position":1,"name":"Hem","item":"https:\/\/ptullis.se\/"},{"@type":"ListItem","position":2,"name":"Products","item":"https:\/\/ptullis.se\/butik__trashed\/"},{"@type":"ListItem","position":3,"name":"SKATEKURS"}]},{"@type":"WebSite","@id":"https:\/\/ptullis.se\/#website","url":"https:\/\/ptullis.se\/","name":"PT Ullis","description":"Sport och Coachning","publisher":{"@id":"https:\/\/ptullis.se\/#organization"},"potentialAction":[{"@type":"SearchAction","target":{"@type":"EntryPoint","urlTemplate":"https:\/\/ptullis.se\/?s={search_term_string}"},"query-input":{"@type":"PropertyValueSpecification","valueRequired":true,"valueName":"search_term_string"}}],"inLanguage":"sv-SE"},{"@type":"Organization","@id":"https:\/\/ptullis.se\/#organization","name":"PT Ullis","url":"https:\/\/ptullis.se\/","logo":{"@type":"ImageObject","inLanguage":"sv-SE","@id":"https:\/\/ptullis.se\/#\/schema\/logo\/image\/","url":"https:\/\/ptullis.se\/wp-content\/uploads\/2020\/02\/Logotype.png","contentUrl":"https:\/\/ptullis.se\/wp-content\/uploads\/2020\/02\/Logotype.png","width":1819,"height":548,"caption":"PT Ullis"},"image":{"@id":"https:\/\/ptullis.se\/#\/schema\/logo\/image\/"}}]}},"_links":{"self":[{"href":"https:\/\/ptullis.se\/index.php?rest_route=\/wp\/v2\/product\/4721","targetHints":{"allow":["GET"]}}],"collection":[{"href":"https:\/\/ptullis.se\/index.php?rest_route=\/wp\/v2\/product"}],"about":[{"href":"https:\/\/ptullis.se\/index.php?rest_route=\/wp\/v2\/types\/product"}],"version-history":[{"count":3,"href":"https:\/\/ptullis.se\/index.php?rest_route=\/wp\/v2\/product\/4721\/revisions"}],"predecessor-version":[{"id":5255,"href":"https:\/\/ptullis.se\/index.php?rest_route=\/wp\/v2\/product\/4721\/revisions\/5255"}],"wp:attachment":[{"href":"https:\/\/ptullis.se\/index.php?rest_route=%2Fwp%2Fv2%2Fmedia&parent=4721"}],"wp:term":[{"taxonomy":"product_brand","embeddable":true,"href":"https:\/\/ptullis.se\/index.php?rest_route=%2Fwp%2Fv2%2Fproduct_brand&post=4721"},{"taxonomy":"product_cat","embeddable":true,"href":"https:\/\/ptullis.se\/index.php?rest_route=%2Fwp%2Fv2%2Fproduct_cat&post=4721"},{"taxonomy":"product_tag","embeddable":true,"href":"https:\/\/ptullis.se\/index.php?rest_route=%2Fwp%2Fv2%2Fproduct_tag&post=4721"}],"curies":[{"name":"wp","href":"https:\/\/api.w.org\/{rel}","templated":true}]}}