{"id":4680,"date":"2022-10-10T08:07:40","date_gmt":"2022-10-10T08:07:40","guid":{"rendered":"https:\/\/ptullis.se\/?product=skidkurs-nyborjare-kurs-2-copy-2"},"modified":"2025-03-17T13:02:01","modified_gmt":"2025-03-17T13:02:01","slug":"skidkurs-nyborjare-kurs-2-copy-2","status":"publish","type":"product","link":"https:\/\/ptullis.se\/?product=skidkurs-nyborjare-kurs-2-copy-2","title":{"rendered":"Skidkurs nyb\u00f6rjare- Kurs 4"},"content":{"rendered":"<div class=\"elementor-element elementor-element-70b4ddec elementor-widget elementor-widget-heading\" data-id=\"70b4ddec\" data-element_type=\"widget\" data-widget_type=\"heading.default\">\n<div class=\"elementor-widget-container\">\n<h2 class=\"elementor-heading-title elementor-size-default\">NYB\u00d6RJARE<\/h2>\n<\/div>\n<\/div>\n<div class=\"elementor-element elementor-element-32758c6c elementor-widget elementor-widget-text-editor\" data-id=\"32758c6c\" data-element_type=\"widget\" data-widget_type=\"text-editor.default\">\n<div class=\"elementor-widget-container\">\n<div class=\"cxmmr5t8 oygrvhab hcukyx3x c1et5uql o9v6fnle\">Under tre m\u00e5ndagar f\u00e5r du chans att l\u00e4ra dig skidteknik och ha massa kul!<\/div>\n<div class=\"cxmmr5t8 oygrvhab hcukyx3x c1et5uql o9v6fnle\">Kursen passar dig som \u00e4r ny p\u00e5 l\u00e4ngdskidor alt. du som \u00e5kt f\u00f6rut men inte tr\u00e4nat teknik s\u00e5 mycket tidigare.<\/div>\n<div class=\"cxmmr5t8 oygrvhab hcukyx3x c1et5uql o9v6fnle\">Under kursens g\u00e5ng kommer vi tr\u00e4na p\u00e5 samtliga v\u00e4xlar (\u00e5kstilar) inom klassisk teknik. Vi kommer l\u00e4ra oss bromsa, sv\u00e4nga, byta sp\u00e5r och g\u00f6ra massa bra och roliga \u00f6vningar f\u00f6r att bli v\u00e4n med skidorna. Ni kommer dessutom f\u00e5 massa bra tips om saker som r\u00f6r skid\u00e5kning.<\/div>\n<\/div>\n<\/div>\n","protected":false},"excerpt":{"rendered":"<div class=\"elementor-element elementor-element-70b4ddec elementor-widget elementor-widget-heading\" data-id=\"70b4ddec\" data-element_type=\"widget\" data-widget_type=\"heading.default\">\n<div class=\"elementor-widget-container\">\n<h2 class=\"elementor-heading-title elementor-size-default\">NYB\u00d6RJARE<\/h2>\n<\/div>\n<\/div>\n<div class=\"elementor-element elementor-element-32758c6c elementor-widget elementor-widget-text-editor\" data-id=\"32758c6c\" data-element_type=\"widget\" data-widget_type=\"text-editor.default\">\n<div class=\"elementor-widget-container\">\n<div class=\"cxmmr5t8 oygrvhab hcukyx3x c1et5uql o9v6fnle\">Under tre m\u00e5ndagar f\u00e5r du chans att l\u00e4ra dig skidteknik och ha massa kul!<\/div>\n<div class=\"cxmmr5t8 oygrvhab hcukyx3x c1et5uql o9v6fnle\">Kursen passar dig som \u00e4r ny p\u00e5 l\u00e4ngdskidor alt. du som \u00e5kt f\u00f6rut men inte tr\u00e4nat teknik s\u00e5 mycket tidigare.<\/div>\n<div class=\"cxmmr5t8 oygrvhab hcukyx3x c1et5uql o9v6fnle\">Under kursens g\u00e5ng kommer vi tr\u00e4na p\u00e5 samtliga v\u00e4xlar (\u00e5kstilar) inom klassisk teknik. Vi kommer l\u00e4ra oss bromsa, sv\u00e4nga, byta sp\u00e5r och g\u00f6ra massa bra och roliga \u00f6vningar f\u00f6r att bli v\u00e4n med skidorna. Ni kommer dessutom f\u00e5 massa bra tips om saker som r\u00f6r skid\u00e5kning.<\/div>\n<\/div>\n<\/div>\n","protected":false},"featured_media":0,"template":"","meta":[],"product_brand":[],"product_cat":[17],"product_tag":[],"class_list":{"0":"post-4680","1":"product","2":"type-product","3":"status-publish","5":"product_cat-okategoriserad","7":"first","8":"instock","9":"taxable","10":"shipping-taxable","11":"purchasable","12":"product-type-simple"},"yoast_head":"<!-- This site is optimized with the Yoast SEO plugin v27.4 - https:\/\/yoast.com\/product\/yoast-seo-wordpress\/ -->\n<title>Skidkurs nyb\u00f6rjare- Kurs 4 - PT Ullis<\/title>\n<meta name=\"description\" content=\"Under tre m\u00e5ndagar f\u00e5r du chans att l\u00e4ra dig skidteknik och ha massa kul!Kursen passar dig som \u00e4r ny p\u00e5 l\u00e4ngdskidor alt. du som \u00e5kt f\u00f6rut men inte tr\u00e4nat teknik s\u00e5 mycket tidigare. Under kursens g\u00e5ng kommer vi tr\u00e4na p\u00e5 samtliga v\u00e4xlar (\u00e5kstilar) inom klassisk teknik.\" \/>\n<meta name=\"robots\" content=\"index, follow, max-snippet:-1, max-image-preview:large, max-video-preview:-1\" \/>\n<link rel=\"canonical\" href=\"https:\/\/ptullis.se\/?product=skidkurs-nyborjare-kurs-2-copy-2\" \/>\n<meta property=\"og:locale\" content=\"sv_SE\" \/>\n<meta property=\"og:type\" content=\"article\" \/>\n<meta property=\"og:title\" content=\"Skidkurs nyb\u00f6rjare- Kurs 4 - PT Ullis\" \/>\n<meta property=\"og:description\" content=\"Under tre m\u00e5ndagar f\u00e5r du chans att l\u00e4ra dig skidteknik och ha massa kul!Kursen passar dig som \u00e4r ny p\u00e5 l\u00e4ngdskidor alt. du som \u00e5kt f\u00f6rut men inte tr\u00e4nat teknik s\u00e5 mycket tidigare. Under kursens g\u00e5ng kommer vi tr\u00e4na p\u00e5 samtliga v\u00e4xlar (\u00e5kstilar) inom klassisk teknik.\" \/>\n<meta property=\"og:url\" content=\"https:\/\/ptullis.se\/?product=skidkurs-nyborjare-kurs-2-copy-2\" \/>\n<meta property=\"og:site_name\" content=\"PT Ullis\" \/>\n<meta property=\"article:modified_time\" content=\"2025-03-17T13:02:01+00:00\" \/>\n<meta name=\"twitter:card\" content=\"summary_large_image\" \/>\n<meta name=\"twitter:label1\" content=\"Ber\u00e4knad l\u00e4stid\" \/>\n\t<meta name=\"twitter:data1\" content=\"1 minut\" \/>\n<script type=\"application\/ld+json\" class=\"yoast-schema-graph\">{\"@context\":\"https:\\\/\\\/schema.org\",\"@graph\":[{\"@type\":\"WebPage\",\"@id\":\"https:\\\/\\\/ptullis.se\\\/?product=skidkurs-nyborjare-kurs-2-copy-2\",\"url\":\"https:\\\/\\\/ptullis.se\\\/?product=skidkurs-nyborjare-kurs-2-copy-2\",\"name\":\"Skidkurs nyb\u00f6rjare- Kurs 4 - PT Ullis\",\"isPartOf\":{\"@id\":\"https:\\\/\\\/ptullis.se\\\/#website\"},\"datePublished\":\"2022-10-10T08:07:40+00:00\",\"dateModified\":\"2025-03-17T13:02:01+00:00\",\"description\":\"Under tre m\u00e5ndagar f\u00e5r du chans att l\u00e4ra dig skidteknik och ha massa kul!Kursen passar dig som \u00e4r ny p\u00e5 l\u00e4ngdskidor alt. du som \u00e5kt f\u00f6rut men inte tr\u00e4nat teknik s\u00e5 mycket tidigare. Under kursens g\u00e5ng kommer vi tr\u00e4na p\u00e5 samtliga v\u00e4xlar (\u00e5kstilar) inom klassisk teknik.\",\"breadcrumb\":{\"@id\":\"https:\\\/\\\/ptullis.se\\\/?product=skidkurs-nyborjare-kurs-2-copy-2#breadcrumb\"},\"inLanguage\":\"sv-SE\",\"potentialAction\":[{\"@type\":\"ReadAction\",\"target\":[\"https:\\\/\\\/ptullis.se\\\/?product=skidkurs-nyborjare-kurs-2-copy-2\"]}]},{\"@type\":\"BreadcrumbList\",\"@id\":\"https:\\\/\\\/ptullis.se\\\/?product=skidkurs-nyborjare-kurs-2-copy-2#breadcrumb\",\"itemListElement\":[{\"@type\":\"ListItem\",\"position\":1,\"name\":\"Hem\",\"item\":\"https:\\\/\\\/ptullis.se\\\/\"},{\"@type\":\"ListItem\",\"position\":2,\"name\":\"Products\",\"item\":\"https:\\\/\\\/ptullis.se\\\/butik__trashed\\\/\"},{\"@type\":\"ListItem\",\"position\":3,\"name\":\"Skidkurs nyb\u00f6rjare- Kurs 4\"}]},{\"@type\":\"WebSite\",\"@id\":\"https:\\\/\\\/ptullis.se\\\/#website\",\"url\":\"https:\\\/\\\/ptullis.se\\\/\",\"name\":\"PT Ullis\",\"description\":\"Sport och Coachning\",\"publisher\":{\"@id\":\"https:\\\/\\\/ptullis.se\\\/#organization\"},\"potentialAction\":[{\"@type\":\"SearchAction\",\"target\":{\"@type\":\"EntryPoint\",\"urlTemplate\":\"https:\\\/\\\/ptullis.se\\\/?s={search_term_string}\"},\"query-input\":{\"@type\":\"PropertyValueSpecification\",\"valueRequired\":true,\"valueName\":\"search_term_string\"}}],\"inLanguage\":\"sv-SE\"},{\"@type\":\"Organization\",\"@id\":\"https:\\\/\\\/ptullis.se\\\/#organization\",\"name\":\"PT Ullis\",\"url\":\"https:\\\/\\\/ptullis.se\\\/\",\"logo\":{\"@type\":\"ImageObject\",\"inLanguage\":\"sv-SE\",\"@id\":\"https:\\\/\\\/ptullis.se\\\/#\\\/schema\\\/logo\\\/image\\\/\",\"url\":\"https:\\\/\\\/ptullis.se\\\/wp-content\\\/uploads\\\/2020\\\/02\\\/Logotype.png\",\"contentUrl\":\"https:\\\/\\\/ptullis.se\\\/wp-content\\\/uploads\\\/2020\\\/02\\\/Logotype.png\",\"width\":1819,\"height\":548,\"caption\":\"PT Ullis\"},\"image\":{\"@id\":\"https:\\\/\\\/ptullis.se\\\/#\\\/schema\\\/logo\\\/image\\\/\"}}]}<\/script>\n<!-- \/ Yoast SEO plugin. -->","yoast_head_json":{"title":"Skidkurs nyb\u00f6rjare- Kurs 4 - PT Ullis","description":"Under tre m\u00e5ndagar f\u00e5r du chans att l\u00e4ra dig skidteknik och ha massa kul!Kursen passar dig som \u00e4r ny p\u00e5 l\u00e4ngdskidor alt. du som \u00e5kt f\u00f6rut men inte tr\u00e4nat teknik s\u00e5 mycket tidigare. Under kursens g\u00e5ng kommer vi tr\u00e4na p\u00e5 samtliga v\u00e4xlar (\u00e5kstilar) inom klassisk teknik.","robots":{"index":"index","follow":"follow","max-snippet":"max-snippet:-1","max-image-preview":"max-image-preview:large","max-video-preview":"max-video-preview:-1"},"canonical":"https:\/\/ptullis.se\/?product=skidkurs-nyborjare-kurs-2-copy-2","og_locale":"sv_SE","og_type":"article","og_title":"Skidkurs nyb\u00f6rjare- Kurs 4 - PT Ullis","og_description":"Under tre m\u00e5ndagar f\u00e5r du chans att l\u00e4ra dig skidteknik och ha massa kul!Kursen passar dig som \u00e4r ny p\u00e5 l\u00e4ngdskidor alt. du som \u00e5kt f\u00f6rut men inte tr\u00e4nat teknik s\u00e5 mycket tidigare. Under kursens g\u00e5ng kommer vi tr\u00e4na p\u00e5 samtliga v\u00e4xlar (\u00e5kstilar) inom klassisk teknik.","og_url":"https:\/\/ptullis.se\/?product=skidkurs-nyborjare-kurs-2-copy-2","og_site_name":"PT Ullis","article_modified_time":"2025-03-17T13:02:01+00:00","twitter_card":"summary_large_image","twitter_misc":{"Ber\u00e4knad l\u00e4stid":"1 minut"},"schema":{"@context":"https:\/\/schema.org","@graph":[{"@type":"WebPage","@id":"https:\/\/ptullis.se\/?product=skidkurs-nyborjare-kurs-2-copy-2","url":"https:\/\/ptullis.se\/?product=skidkurs-nyborjare-kurs-2-copy-2","name":"Skidkurs nyb\u00f6rjare- Kurs 4 - PT Ullis","isPartOf":{"@id":"https:\/\/ptullis.se\/#website"},"datePublished":"2022-10-10T08:07:40+00:00","dateModified":"2025-03-17T13:02:01+00:00","description":"Under tre m\u00e5ndagar f\u00e5r du chans att l\u00e4ra dig skidteknik och ha massa kul!Kursen passar dig som \u00e4r ny p\u00e5 l\u00e4ngdskidor alt. du som \u00e5kt f\u00f6rut men inte tr\u00e4nat teknik s\u00e5 mycket tidigare. Under kursens g\u00e5ng kommer vi tr\u00e4na p\u00e5 samtliga v\u00e4xlar (\u00e5kstilar) inom klassisk teknik.","breadcrumb":{"@id":"https:\/\/ptullis.se\/?product=skidkurs-nyborjare-kurs-2-copy-2#breadcrumb"},"inLanguage":"sv-SE","potentialAction":[{"@type":"ReadAction","target":["https:\/\/ptullis.se\/?product=skidkurs-nyborjare-kurs-2-copy-2"]}]},{"@type":"BreadcrumbList","@id":"https:\/\/ptullis.se\/?product=skidkurs-nyborjare-kurs-2-copy-2#breadcrumb","itemListElement":[{"@type":"ListItem","position":1,"name":"Hem","item":"https:\/\/ptullis.se\/"},{"@type":"ListItem","position":2,"name":"Products","item":"https:\/\/ptullis.se\/butik__trashed\/"},{"@type":"ListItem","position":3,"name":"Skidkurs nyb\u00f6rjare- Kurs 4"}]},{"@type":"WebSite","@id":"https:\/\/ptullis.se\/#website","url":"https:\/\/ptullis.se\/","name":"PT Ullis","description":"Sport och Coachning","publisher":{"@id":"https:\/\/ptullis.se\/#organization"},"potentialAction":[{"@type":"SearchAction","target":{"@type":"EntryPoint","urlTemplate":"https:\/\/ptullis.se\/?s={search_term_string}"},"query-input":{"@type":"PropertyValueSpecification","valueRequired":true,"valueName":"search_term_string"}}],"inLanguage":"sv-SE"},{"@type":"Organization","@id":"https:\/\/ptullis.se\/#organization","name":"PT Ullis","url":"https:\/\/ptullis.se\/","logo":{"@type":"ImageObject","inLanguage":"sv-SE","@id":"https:\/\/ptullis.se\/#\/schema\/logo\/image\/","url":"https:\/\/ptullis.se\/wp-content\/uploads\/2020\/02\/Logotype.png","contentUrl":"https:\/\/ptullis.se\/wp-content\/uploads\/2020\/02\/Logotype.png","width":1819,"height":548,"caption":"PT Ullis"},"image":{"@id":"https:\/\/ptullis.se\/#\/schema\/logo\/image\/"}}]}},"_links":{"self":[{"href":"https:\/\/ptullis.se\/index.php?rest_route=\/wp\/v2\/product\/4680","targetHints":{"allow":["GET"]}}],"collection":[{"href":"https:\/\/ptullis.se\/index.php?rest_route=\/wp\/v2\/product"}],"about":[{"href":"https:\/\/ptullis.se\/index.php?rest_route=\/wp\/v2\/types\/product"}],"version-history":[{"count":1,"href":"https:\/\/ptullis.se\/index.php?rest_route=\/wp\/v2\/product\/4680\/revisions"}],"predecessor-version":[{"id":4775,"href":"https:\/\/ptullis.se\/index.php?rest_route=\/wp\/v2\/product\/4680\/revisions\/4775"}],"wp:attachment":[{"href":"https:\/\/ptullis.se\/index.php?rest_route=%2Fwp%2Fv2%2Fmedia&parent=4680"}],"wp:term":[{"taxonomy":"product_brand","embeddable":true,"href":"https:\/\/ptullis.se\/index.php?rest_route=%2Fwp%2Fv2%2Fproduct_brand&post=4680"},{"taxonomy":"product_cat","embeddable":true,"href":"https:\/\/ptullis.se\/index.php?rest_route=%2Fwp%2Fv2%2Fproduct_cat&post=4680"},{"taxonomy":"product_tag","embeddable":true,"href":"https:\/\/ptullis.se\/index.php?rest_route=%2Fwp%2Fv2%2Fproduct_tag&post=4680"}],"curies":[{"name":"wp","href":"https:\/\/api.w.org\/{rel}","templated":true}]}}