{"id":4564,"date":"2022-09-12T16:56:22","date_gmt":"2022-09-12T16:56:22","guid":{"rendered":"https:\/\/ptullis.se\/?product=rullskidkurs-nyborjare-copy-copy-2"},"modified":"2026-03-15T18:18:33","modified_gmt":"2026-03-15T18:18:33","slug":"rullskidkurs-nyborjare-copy-copy-2","status":"publish","type":"product","link":"https:\/\/ptullis.se\/?product=rullskidkurs-nyborjare-copy-copy-2","title":{"rendered":"SKIDL\u00c4GER 1- Mattila"},"content":{"rendered":"<div class=\"kvgmc6g5 cxmmr5t8 oygrvhab hcukyx3x c1et5uql\">Varmt v\u00e4lkommen till en l\u00e5nghelg med r\u00f6relse och upplevelse i underbart vackra Mattila i den v\u00e4rml\u00e4ndska Finnskogen!<\/div>\n<div class=\"cxmmr5t8 oygrvhab hcukyx3x c1et5uql o9v6fnle\">Under ledning av Ulrika Lindberg Lindgren, cert. skidcoach och tr\u00e4ningsinstrukt\u00f6r och Jessica Ahlborg cert. l\u00f6pcoach, pt och yogal\u00e4rare, kommer du f\u00e5 en b\u00e5de rolig och l\u00e4rorik helg.<\/div>\n<div class=\"cxmmr5t8 oygrvhab hcukyx3x c1et5uql o9v6fnle\">Fokus \u00e4r r\u00f6relsegl\u00e4dje och upplevelse d\u00e4r vi hoppas du ska hitta ny inspiration och kunskap till din fortsatta tr\u00e4ning.<\/div>\n<div><\/div>\n<div class=\"cxmmr5t8 oygrvhab hcukyx3x c1et5uql o9v6fnle\">Oavsett om ditt m\u00e5l \u00e4r n\u00e5got lopp, l\u00f6pning, skidor etc eller tr\u00e4na f\u00f6r v\u00e4lm\u00e5ende s\u00e5 passar denna helg dig.<\/div>\n<div class=\"cxmmr5t8 oygrvhab hcukyx3x c1et5uql o9v6fnle\">V\u00e5ra tr\u00e4ningspass kommer f\u00e5 dig att k\u00e4nna utmaning b\u00e5de fysiskt som mentalt, utifr\u00e5n d\u00e4r du \u00e4r. \u00d6vningar och tempo anpassas f\u00f6r att passa alla men l\u00e4mpligt om du har en tr\u00e4ningsgrund f\u00f6r att kroppsligt klara en helg med r\u00f6relse.<\/div>\n<div class=\"cxmmr5t8 oygrvhab hcukyx3x c1et5uql o9v6fnle\">Vi utforskar r\u00f6rlighet och styrka, l\u00e4r oss grunden i l\u00f6pteknik f\u00f6r att st\u00e4rka oss smart och h\u00e5llbart. Vi tr\u00e4nar skidg\u00e5ng, springer och vandrar i den vackra naturen i Mattila. Vi kanske b\u00f6rjar eller avslutar dagen med ett yogapass och en stund av stillhet.<\/div>\n<div><\/div>\n<div class=\"cxmmr5t8 oygrvhab hcukyx3x c1et5uql o9v6fnle\">Datum:<br \/>\n8\/8-11\/8<\/div>\n<div>L\u00e4gret startar med en gemensam samling vid kl. 17-tiden p\u00e5 torsdagen. Det f\u00f6rsta tr\u00e4ningspassen kommer genomf\u00f6ras med start fredag morgon. L\u00e4gret avslutas efter lunch p\u00e5 s\u00f6ndag.<\/div>\n<div><\/div>\n<div class=\"cxmmr5t8 oygrvhab hcukyx3x c1et5uql o9v6fnle\">Pris: 3950 kr inklusive boende med helpension.<\/div>\n<div class=\"cxmmr5t8 oygrvhab hcukyx3x c1et5uql o9v6fnle\">Boendet avser del i moderna och bekv\u00e4ma stugor. (Max 5 personer\/stuga)<\/div>\n<div class=\"cxmmr5t8 oygrvhab hcukyx3x c1et5uql o9v6fnle\">F\u00f6r mer info om sj\u00e4lva Mattila och anl\u00e4ggningen bes\u00f6k g\u00e4rna\u00a0<a class=\"oajrlxb2 g5ia77u1 qu0x051f esr5mh6w e9989ue4 r7d6kgcz rq0escxv nhd2j8a9 nc684nl6 p7hjln8o kvgmc6g5 cxmmr5t8 oygrvhab hcukyx3x jb3vyjys rz4wbd8a qt6c0cv9 a8nywdso i1ao9s8h esuyzwwr f1sip0of lzcic4wl gpro0wi8 py34i1dx\" role=\"link\" href=\"https:\/\/l.facebook.com\/l.php?u=http%3A%2F%2Fwww.mattila.se%2F%3Ffbclid%3DIwAR0L-0-0lEWSNHxDLr9rfP3y_q3_S8qZ4rKZslr4tqW0uvlDv-FIp23CFdQ&amp;h=AT1gBJIOpWbueYYRdeRE38KNQ9JZfDfk_V9Wa838MGEmPCb0t9IBaWNQw_FVoa2dVk5KSugnezl8q1aqspL-kwP8SvRwbQwRdKmwiznO7yZcSlSlYon7FxjvzzpReGuRdw&amp;__tn__=q&amp;c[0]=AT0WtghUpHOglLja_OQdMHb2G2QKPOhHW49T0mY6yUcak8ZrS0aOS9q8f0qViG_Z6MCROnDmI0IaZ3b3b8mYnDLuWls9Ra_FM5EAHoklaJ1_rf1JJrfyQMaCjKi42qQPmB_Sk5_KD0XdYqGB9MqtQwtV\" target=\"_blank\" rel=\"nofollow noopener\">www.mattila.se<\/a><\/div>\n<div class=\"cxmmr5t8 oygrvhab hcukyx3x c1et5uql o9v6fnle\"><\/div>\n","protected":false},"excerpt":{"rendered":"<div class=\"m8h3af8h l7ghb35v kjdc1dyq kmwttqpk gh25dzvf\">Nu \u00e4r det dags att boka vinterns h\u00e4rligaste l\u00e4ger. L\u00e4ngdskidl\u00e4ger i v\u00e4rml\u00e4ndska Mattila.<\/div>\n<div><\/div>\n<div class=\"m8h3af8h l7ghb35v kjdc1dyq kmwttqpk gh25dzvf\">Fokus kommer vara p\u00e5 teknikutveckling och skidgl\u00e4dje. Vi bor tillsammans i mysiga stugor med helpension och njuter av den underbara naturen och fina skid\u00e5kningen som Mattila erbjuder.<\/div>\n<div class=\"l7ghb35v kjdc1dyq kmwttqpk gh25dzvf jikcssrz\">L\u00e4gret passar dig som har lite mer vana av att \u00e5ka l\u00e4ngdskidor. Kanske ska du \u00e5ka n\u00e5got lopp i vinter och vill f\u00f6rb\u00e4ttra dina m\u00f6jligheter att n\u00e5 dina m\u00e5l. Eller s\u00e5 vill du utveckla din skid\u00e5kning f\u00f6r att f\u00e5 \u00e4nnu mer njutning n\u00e4r du skidar under vintern. Du beh\u00f6ver inte vara snabbast i sp\u00e5ret, men vi vill att du\u00a0 k\u00e4nner till de olika v\u00e4xlarna (\u00e5kstilarna i klassisk \u00e5kning), och har vana av \u00e5kning i olika terr\u00e4nger.<\/div>\n","protected":false},"featured_media":0,"template":"","meta":[],"product_brand":[],"product_cat":[17],"product_tag":[],"class_list":{"0":"post-4564","1":"product","2":"type-product","3":"status-publish","5":"product_cat-okategoriserad","7":"first","8":"instock","9":"taxable","10":"shipping-taxable","11":"purchasable","12":"product-type-simple"},"yoast_head":"<!-- This site is optimized with the Yoast SEO plugin v27.4 - https:\/\/yoast.com\/product\/yoast-seo-wordpress\/ -->\n<title>SKIDL\u00c4GER 1- Mattila - PT Ullis<\/title>\n<meta name=\"description\" content=\"Nu \u00e4r det dags att boka vinterns h\u00e4rligaste l\u00e4ger. L\u00e4ngdskidl\u00e4ger i v\u00e4rml\u00e4ndska Mattila. Fokus kommer varaperson p\u00e5 teknikutveckling och skidgl\u00e4dje. Vi bor tillsammans i mysiga stugor med helpension och njuter av den underbara naturen och fina skid\u00e5kningen som Mattila erbjuder. L\u00e4gret passar dig som har lite mer vana av att \u00e5ka l\u00e4ngdskidor. Kanske ska du \u00e5ka n\u00e5got lopp i vinter och vill f\u00f6rb\u00e4ttra dina m\u00f6jligheter att n\u00e5 dina m\u00e5l. Eller s\u00e5 vill du utveckla din skid\u00e5kning f\u00f6r att f\u00e5 \u00e4nnu mer njutning n\u00e4r du skidar under vintern. Du beh\u00f6ver inte vara snabbast i sp\u00e5ret, men vi vill att du k\u00e4nner till de olika v\u00e4xlarna (\u00e5kstilarna i klassisk \u00e5kning), och har vana av \u00e5kning i olika terr\u00e4nger.\" \/>\n<meta name=\"robots\" content=\"index, follow, max-snippet:-1, max-image-preview:large, max-video-preview:-1\" \/>\n<link rel=\"canonical\" href=\"https:\/\/ptullis.se\/?product=rullskidkurs-nyborjare-copy-copy-2\" \/>\n<meta property=\"og:locale\" content=\"sv_SE\" \/>\n<meta property=\"og:type\" content=\"article\" \/>\n<meta property=\"og:title\" content=\"SKIDL\u00c4GER 1- Mattila - PT Ullis\" \/>\n<meta property=\"og:description\" content=\"Nu \u00e4r det dags att boka vinterns h\u00e4rligaste l\u00e4ger. L\u00e4ngdskidl\u00e4ger i v\u00e4rml\u00e4ndska Mattila. Fokus kommer varaperson p\u00e5 teknikutveckling och skidgl\u00e4dje. Vi bor tillsammans i mysiga stugor med helpension och njuter av den underbara naturen och fina skid\u00e5kningen som Mattila erbjuder. L\u00e4gret passar dig som har lite mer vana av att \u00e5ka l\u00e4ngdskidor. Kanske ska du \u00e5ka n\u00e5got lopp i vinter och vill f\u00f6rb\u00e4ttra dina m\u00f6jligheter att n\u00e5 dina m\u00e5l. Eller s\u00e5 vill du utveckla din skid\u00e5kning f\u00f6r att f\u00e5 \u00e4nnu mer njutning n\u00e4r du skidar under vintern. Du beh\u00f6ver inte vara snabbast i sp\u00e5ret, men vi vill att du k\u00e4nner till de olika v\u00e4xlarna (\u00e5kstilarna i klassisk \u00e5kning), och har vana av \u00e5kning i olika terr\u00e4nger.\" \/>\n<meta property=\"og:url\" content=\"https:\/\/ptullis.se\/?product=rullskidkurs-nyborjare-copy-copy-2\" \/>\n<meta property=\"og:site_name\" content=\"PT Ullis\" \/>\n<meta property=\"article:modified_time\" content=\"2026-03-15T18:18:33+00:00\" \/>\n<meta name=\"twitter:card\" content=\"summary_large_image\" \/>\n<meta name=\"twitter:label1\" content=\"Ber\u00e4knad l\u00e4stid\" \/>\n\t<meta name=\"twitter:data1\" content=\"2 minuter\" \/>\n<script type=\"application\/ld+json\" class=\"yoast-schema-graph\">{\"@context\":\"https:\\\/\\\/schema.org\",\"@graph\":[{\"@type\":\"WebPage\",\"@id\":\"https:\\\/\\\/ptullis.se\\\/?product=rullskidkurs-nyborjare-copy-copy-2\",\"url\":\"https:\\\/\\\/ptullis.se\\\/?product=rullskidkurs-nyborjare-copy-copy-2\",\"name\":\"SKIDL\u00c4GER 1- Mattila - PT Ullis\",\"isPartOf\":{\"@id\":\"https:\\\/\\\/ptullis.se\\\/#website\"},\"datePublished\":\"2022-09-12T16:56:22+00:00\",\"dateModified\":\"2026-03-15T18:18:33+00:00\",\"description\":\"Nu \u00e4r det dags att boka vinterns h\u00e4rligaste l\u00e4ger. L\u00e4ngdskidl\u00e4ger i v\u00e4rml\u00e4ndska Mattila. Fokus kommer varaperson p\u00e5 teknikutveckling och skidgl\u00e4dje. Vi bor tillsammans i mysiga stugor med helpension och njuter av den underbara naturen och fina skid\u00e5kningen som Mattila erbjuder. L\u00e4gret passar dig som har lite mer vana av att \u00e5ka l\u00e4ngdskidor. Kanske ska du \u00e5ka n\u00e5got lopp i vinter och vill f\u00f6rb\u00e4ttra dina m\u00f6jligheter att n\u00e5 dina m\u00e5l. Eller s\u00e5 vill du utveckla din skid\u00e5kning f\u00f6r att f\u00e5 \u00e4nnu mer njutning n\u00e4r du skidar under vintern. Du beh\u00f6ver inte vara snabbast i sp\u00e5ret, men vi vill att du k\u00e4nner till de olika v\u00e4xlarna (\u00e5kstilarna i klassisk \u00e5kning), och har vana av \u00e5kning i olika terr\u00e4nger.\",\"breadcrumb\":{\"@id\":\"https:\\\/\\\/ptullis.se\\\/?product=rullskidkurs-nyborjare-copy-copy-2#breadcrumb\"},\"inLanguage\":\"sv-SE\",\"potentialAction\":[{\"@type\":\"ReadAction\",\"target\":[\"https:\\\/\\\/ptullis.se\\\/?product=rullskidkurs-nyborjare-copy-copy-2\"]}]},{\"@type\":\"BreadcrumbList\",\"@id\":\"https:\\\/\\\/ptullis.se\\\/?product=rullskidkurs-nyborjare-copy-copy-2#breadcrumb\",\"itemListElement\":[{\"@type\":\"ListItem\",\"position\":1,\"name\":\"Hem\",\"item\":\"https:\\\/\\\/ptullis.se\\\/\"},{\"@type\":\"ListItem\",\"position\":2,\"name\":\"Products\",\"item\":\"https:\\\/\\\/ptullis.se\\\/butik__trashed\\\/\"},{\"@type\":\"ListItem\",\"position\":3,\"name\":\"SKIDL\u00c4GER 1- Mattila\"}]},{\"@type\":\"WebSite\",\"@id\":\"https:\\\/\\\/ptullis.se\\\/#website\",\"url\":\"https:\\\/\\\/ptullis.se\\\/\",\"name\":\"PT Ullis\",\"description\":\"Sport och Coachning\",\"publisher\":{\"@id\":\"https:\\\/\\\/ptullis.se\\\/#organization\"},\"potentialAction\":[{\"@type\":\"SearchAction\",\"target\":{\"@type\":\"EntryPoint\",\"urlTemplate\":\"https:\\\/\\\/ptullis.se\\\/?s={search_term_string}\"},\"query-input\":{\"@type\":\"PropertyValueSpecification\",\"valueRequired\":true,\"valueName\":\"search_term_string\"}}],\"inLanguage\":\"sv-SE\"},{\"@type\":\"Organization\",\"@id\":\"https:\\\/\\\/ptullis.se\\\/#organization\",\"name\":\"PT Ullis\",\"url\":\"https:\\\/\\\/ptullis.se\\\/\",\"logo\":{\"@type\":\"ImageObject\",\"inLanguage\":\"sv-SE\",\"@id\":\"https:\\\/\\\/ptullis.se\\\/#\\\/schema\\\/logo\\\/image\\\/\",\"url\":\"https:\\\/\\\/ptullis.se\\\/wp-content\\\/uploads\\\/2020\\\/02\\\/Logotype.png\",\"contentUrl\":\"https:\\\/\\\/ptullis.se\\\/wp-content\\\/uploads\\\/2020\\\/02\\\/Logotype.png\",\"width\":1819,\"height\":548,\"caption\":\"PT Ullis\"},\"image\":{\"@id\":\"https:\\\/\\\/ptullis.se\\\/#\\\/schema\\\/logo\\\/image\\\/\"}}]}<\/script>\n<!-- \/ Yoast SEO plugin. -->","yoast_head_json":{"title":"SKIDL\u00c4GER 1- Mattila - PT Ullis","description":"Nu \u00e4r det dags att boka vinterns h\u00e4rligaste l\u00e4ger. L\u00e4ngdskidl\u00e4ger i v\u00e4rml\u00e4ndska Mattila. Fokus kommer varaperson p\u00e5 teknikutveckling och skidgl\u00e4dje. Vi bor tillsammans i mysiga stugor med helpension och njuter av den underbara naturen och fina skid\u00e5kningen som Mattila erbjuder. L\u00e4gret passar dig som har lite mer vana av att \u00e5ka l\u00e4ngdskidor. Kanske ska du \u00e5ka n\u00e5got lopp i vinter och vill f\u00f6rb\u00e4ttra dina m\u00f6jligheter att n\u00e5 dina m\u00e5l. Eller s\u00e5 vill du utveckla din skid\u00e5kning f\u00f6r att f\u00e5 \u00e4nnu mer njutning n\u00e4r du skidar under vintern. Du beh\u00f6ver inte vara snabbast i sp\u00e5ret, men vi vill att du k\u00e4nner till de olika v\u00e4xlarna (\u00e5kstilarna i klassisk \u00e5kning), och har vana av \u00e5kning i olika terr\u00e4nger.","robots":{"index":"index","follow":"follow","max-snippet":"max-snippet:-1","max-image-preview":"max-image-preview:large","max-video-preview":"max-video-preview:-1"},"canonical":"https:\/\/ptullis.se\/?product=rullskidkurs-nyborjare-copy-copy-2","og_locale":"sv_SE","og_type":"article","og_title":"SKIDL\u00c4GER 1- Mattila - PT Ullis","og_description":"Nu \u00e4r det dags att boka vinterns h\u00e4rligaste l\u00e4ger. L\u00e4ngdskidl\u00e4ger i v\u00e4rml\u00e4ndska Mattila. Fokus kommer varaperson p\u00e5 teknikutveckling och skidgl\u00e4dje. Vi bor tillsammans i mysiga stugor med helpension och njuter av den underbara naturen och fina skid\u00e5kningen som Mattila erbjuder. L\u00e4gret passar dig som har lite mer vana av att \u00e5ka l\u00e4ngdskidor. Kanske ska du \u00e5ka n\u00e5got lopp i vinter och vill f\u00f6rb\u00e4ttra dina m\u00f6jligheter att n\u00e5 dina m\u00e5l. Eller s\u00e5 vill du utveckla din skid\u00e5kning f\u00f6r att f\u00e5 \u00e4nnu mer njutning n\u00e4r du skidar under vintern. Du beh\u00f6ver inte vara snabbast i sp\u00e5ret, men vi vill att du k\u00e4nner till de olika v\u00e4xlarna (\u00e5kstilarna i klassisk \u00e5kning), och har vana av \u00e5kning i olika terr\u00e4nger.","og_url":"https:\/\/ptullis.se\/?product=rullskidkurs-nyborjare-copy-copy-2","og_site_name":"PT Ullis","article_modified_time":"2026-03-15T18:18:33+00:00","twitter_card":"summary_large_image","twitter_misc":{"Ber\u00e4knad l\u00e4stid":"2 minuter"},"schema":{"@context":"https:\/\/schema.org","@graph":[{"@type":"WebPage","@id":"https:\/\/ptullis.se\/?product=rullskidkurs-nyborjare-copy-copy-2","url":"https:\/\/ptullis.se\/?product=rullskidkurs-nyborjare-copy-copy-2","name":"SKIDL\u00c4GER 1- Mattila - PT Ullis","isPartOf":{"@id":"https:\/\/ptullis.se\/#website"},"datePublished":"2022-09-12T16:56:22+00:00","dateModified":"2026-03-15T18:18:33+00:00","description":"Nu \u00e4r det dags att boka vinterns h\u00e4rligaste l\u00e4ger. L\u00e4ngdskidl\u00e4ger i v\u00e4rml\u00e4ndska Mattila. Fokus kommer varaperson p\u00e5 teknikutveckling och skidgl\u00e4dje. Vi bor tillsammans i mysiga stugor med helpension och njuter av den underbara naturen och fina skid\u00e5kningen som Mattila erbjuder. L\u00e4gret passar dig som har lite mer vana av att \u00e5ka l\u00e4ngdskidor. Kanske ska du \u00e5ka n\u00e5got lopp i vinter och vill f\u00f6rb\u00e4ttra dina m\u00f6jligheter att n\u00e5 dina m\u00e5l. Eller s\u00e5 vill du utveckla din skid\u00e5kning f\u00f6r att f\u00e5 \u00e4nnu mer njutning n\u00e4r du skidar under vintern. Du beh\u00f6ver inte vara snabbast i sp\u00e5ret, men vi vill att du k\u00e4nner till de olika v\u00e4xlarna (\u00e5kstilarna i klassisk \u00e5kning), och har vana av \u00e5kning i olika terr\u00e4nger.","breadcrumb":{"@id":"https:\/\/ptullis.se\/?product=rullskidkurs-nyborjare-copy-copy-2#breadcrumb"},"inLanguage":"sv-SE","potentialAction":[{"@type":"ReadAction","target":["https:\/\/ptullis.se\/?product=rullskidkurs-nyborjare-copy-copy-2"]}]},{"@type":"BreadcrumbList","@id":"https:\/\/ptullis.se\/?product=rullskidkurs-nyborjare-copy-copy-2#breadcrumb","itemListElement":[{"@type":"ListItem","position":1,"name":"Hem","item":"https:\/\/ptullis.se\/"},{"@type":"ListItem","position":2,"name":"Products","item":"https:\/\/ptullis.se\/butik__trashed\/"},{"@type":"ListItem","position":3,"name":"SKIDL\u00c4GER 1- Mattila"}]},{"@type":"WebSite","@id":"https:\/\/ptullis.se\/#website","url":"https:\/\/ptullis.se\/","name":"PT Ullis","description":"Sport och Coachning","publisher":{"@id":"https:\/\/ptullis.se\/#organization"},"potentialAction":[{"@type":"SearchAction","target":{"@type":"EntryPoint","urlTemplate":"https:\/\/ptullis.se\/?s={search_term_string}"},"query-input":{"@type":"PropertyValueSpecification","valueRequired":true,"valueName":"search_term_string"}}],"inLanguage":"sv-SE"},{"@type":"Organization","@id":"https:\/\/ptullis.se\/#organization","name":"PT Ullis","url":"https:\/\/ptullis.se\/","logo":{"@type":"ImageObject","inLanguage":"sv-SE","@id":"https:\/\/ptullis.se\/#\/schema\/logo\/image\/","url":"https:\/\/ptullis.se\/wp-content\/uploads\/2020\/02\/Logotype.png","contentUrl":"https:\/\/ptullis.se\/wp-content\/uploads\/2020\/02\/Logotype.png","width":1819,"height":548,"caption":"PT Ullis"},"image":{"@id":"https:\/\/ptullis.se\/#\/schema\/logo\/image\/"}}]}},"_links":{"self":[{"href":"https:\/\/ptullis.se\/index.php?rest_route=\/wp\/v2\/product\/4564","targetHints":{"allow":["GET"]}}],"collection":[{"href":"https:\/\/ptullis.se\/index.php?rest_route=\/wp\/v2\/product"}],"about":[{"href":"https:\/\/ptullis.se\/index.php?rest_route=\/wp\/v2\/types\/product"}],"version-history":[{"count":2,"href":"https:\/\/ptullis.se\/index.php?rest_route=\/wp\/v2\/product\/4564\/revisions"}],"predecessor-version":[{"id":4566,"href":"https:\/\/ptullis.se\/index.php?rest_route=\/wp\/v2\/product\/4564\/revisions\/4566"}],"wp:attachment":[{"href":"https:\/\/ptullis.se\/index.php?rest_route=%2Fwp%2Fv2%2Fmedia&parent=4564"}],"wp:term":[{"taxonomy":"product_brand","embeddable":true,"href":"https:\/\/ptullis.se\/index.php?rest_route=%2Fwp%2Fv2%2Fproduct_brand&post=4564"},{"taxonomy":"product_cat","embeddable":true,"href":"https:\/\/ptullis.se\/index.php?rest_route=%2Fwp%2Fv2%2Fproduct_cat&post=4564"},{"taxonomy":"product_tag","embeddable":true,"href":"https:\/\/ptullis.se\/index.php?rest_route=%2Fwp%2Fv2%2Fproduct_tag&post=4564"}],"curies":[{"name":"wp","href":"https:\/\/api.w.org\/{rel}","templated":true}]}}