{"id":4487,"date":"2022-08-16T08:56:19","date_gmt":"2022-08-16T08:56:19","guid":{"rendered":"https:\/\/ptullis.se\/?post_type=product&#038;p=4487"},"modified":"2026-03-15T18:34:37","modified_gmt":"2026-03-15T18:34:37","slug":"skidtraning-5-kort","status":"publish","type":"product","link":"https:\/\/ptullis.se\/?product=skidtraning-5-kort","title":{"rendered":"Skidtr\u00e4ning 5-kort"},"content":{"rendered":"<div>SKIDTR\u00c4NING<\/div>\n<div><\/div>\n<div class=\"cxmmr5t8 oygrvhab hcukyx3x c1et5uql o9v6fnle\">Tycker du det \u00e4r kul att \u00e5ka skidor och vill tr\u00e4ffa andra h\u00e4rliga skid\u00e5kare och tr\u00e4na ihop?!<\/div>\n<p>Kanske ska du \u00e5ka n\u00e5got skidlopp i vinter eller s\u00e5 vill du bara f\u00e5 bra och rolig tr\u00e4ning. Du f\u00e5r utmaning och utveckling i din \u00e5kning under ledning av mig. Vissa pass k\u00f6r vi fokus teknik, andra pass jobbar vi med fart och intervaller medan n\u00e5gra pass handlar om att k\u00f6ra lite l\u00e4ngre.<\/p>\n<div class=\"cxmmr5t8 oygrvhab hcukyx3x c1et5uql o9v6fnle\">Vi k\u00f6r tr\u00e4ningen hela s\u00e4songen. Du \u00e4r med s\u00e5 ofta du kan och vill. K\u00f6p 5-kort eller 10-kort och fyll p\u00e5 efter hand. Anm\u00e4lan inf\u00f6r varje pass g\u00f6r du genom att skicka ett mail till ulrika@ptullis.se<\/div>\n","protected":false},"excerpt":{"rendered":"<div class=\"cxmmr5t8 oygrvhab hcukyx3x c1et5uql o9v6fnle\">Tycker du det \u00e4r kul att \u00e5ka skidor och vill tr\u00e4ffa andra h\u00e4rliga skid\u00e5kare och tr\u00e4na ihop?!<\/div>\n<p>Kanske ska du \u00e5ka n\u00e5got skidlopp i vinter eller s\u00e5 vill du bara f\u00e5 bra och rolig tr\u00e4ning. Du f\u00e5r utmaning och utveckling i din \u00e5kning under ledning av mig. Vissa pass k\u00f6r vi fokus teknik, andra pass jobbar vi med fart och intervaller medan n\u00e5gra pass handlar om att k\u00f6ra lite l\u00e4ngre.<\/p>\n<div class=\"cxmmr5t8 oygrvhab hcukyx3x c1et5uql o9v6fnle\">Vi k\u00f6r tr\u00e4ningen hela s\u00e4songen. Du \u00e4r med s\u00e5 ofta du kan och vill. K\u00f6p 5-kort eller 10-kort och fyll p\u00e5 efter hand. Anm\u00e4lan inf\u00f6r varje pass g\u00f6r du genom att skicka ett mail till ulrika@ptullis.se<\/div>\n","protected":false},"featured_media":0,"template":"","meta":[],"product_brand":[],"product_cat":[17],"product_tag":[],"class_list":{"0":"post-4487","1":"product","2":"type-product","3":"status-publish","5":"product_cat-okategoriserad","7":"first","8":"instock","9":"taxable","10":"shipping-taxable","11":"purchasable","12":"product-type-simple"},"yoast_head":"<!-- This site is optimized with the Yoast SEO plugin v27.4 - https:\/\/yoast.com\/product\/yoast-seo-wordpress\/ -->\n<title>Skidtr\u00e4ning 5-kort - PT Ullis<\/title>\n<meta name=\"description\" content=\"Tycker du det \u00e4r kul att \u00e5ka skidor och vill tr\u00e4ffa andra h\u00e4rliga skid\u00e5kare och tr\u00e4na ihop?!Kanske ska du \u00e5ka n\u00e5got skidlopp i vinter eller s\u00e5 vill du bara f\u00e5 bra och rolig tr\u00e4ning. Du f\u00e5r utmaning och utveckling i din \u00e5kning under ledning av mig. Vissa pass k\u00f6r vi fokus teknik, andra pass jobbar vi med fart och intervaller medan n\u00e5gra pass handlar om att k\u00f6ra lite l\u00e4ngre. Vi k\u00f6r tr\u00e4ningen hela s\u00e4songen. Du \u00e4r med s\u00e5 ofta du kan och vill. K\u00f6p 5-kort eller 10-kort och fyll p\u00e5 efter hand. Anm\u00e4lan inf\u00f6r varje pass g\u00f6r du genom att skicka ett mail till ulrika@ptullis.se\" \/>\n<meta name=\"robots\" content=\"index, follow, max-snippet:-1, max-image-preview:large, max-video-preview:-1\" \/>\n<link rel=\"canonical\" href=\"https:\/\/ptullis.se\/?product=skidtraning-5-kort\" \/>\n<meta property=\"og:locale\" content=\"sv_SE\" \/>\n<meta property=\"og:type\" content=\"article\" \/>\n<meta property=\"og:title\" content=\"Skidtr\u00e4ning 5-kort - PT Ullis\" \/>\n<meta property=\"og:description\" content=\"Tycker du det \u00e4r kul att \u00e5ka skidor och vill tr\u00e4ffa andra h\u00e4rliga skid\u00e5kare och tr\u00e4na ihop?!Kanske ska du \u00e5ka n\u00e5got skidlopp i vinter eller s\u00e5 vill du bara f\u00e5 bra och rolig tr\u00e4ning. Du f\u00e5r utmaning och utveckling i din \u00e5kning under ledning av mig. Vissa pass k\u00f6r vi fokus teknik, andra pass jobbar vi med fart och intervaller medan n\u00e5gra pass handlar om att k\u00f6ra lite l\u00e4ngre. Vi k\u00f6r tr\u00e4ningen hela s\u00e4songen. Du \u00e4r med s\u00e5 ofta du kan och vill. K\u00f6p 5-kort eller 10-kort och fyll p\u00e5 efter hand. Anm\u00e4lan inf\u00f6r varje pass g\u00f6r du genom att skicka ett mail till ulrika@ptullis.se\" \/>\n<meta property=\"og:url\" content=\"https:\/\/ptullis.se\/?product=skidtraning-5-kort\" \/>\n<meta property=\"og:site_name\" content=\"PT Ullis\" \/>\n<meta property=\"article:modified_time\" content=\"2026-03-15T18:34:37+00:00\" \/>\n<meta name=\"twitter:card\" content=\"summary_large_image\" \/>\n<meta name=\"twitter:label1\" content=\"Ber\u00e4knad l\u00e4stid\" \/>\n\t<meta name=\"twitter:data1\" content=\"1 minut\" \/>\n<script type=\"application\/ld+json\" class=\"yoast-schema-graph\">{\"@context\":\"https:\\\/\\\/schema.org\",\"@graph\":[{\"@type\":\"WebPage\",\"@id\":\"https:\\\/\\\/ptullis.se\\\/?product=skidtraning-5-kort\",\"url\":\"https:\\\/\\\/ptullis.se\\\/?product=skidtraning-5-kort\",\"name\":\"Skidtr\u00e4ning 5-kort - PT Ullis\",\"isPartOf\":{\"@id\":\"https:\\\/\\\/ptullis.se\\\/#website\"},\"datePublished\":\"2022-08-16T08:56:19+00:00\",\"dateModified\":\"2026-03-15T18:34:37+00:00\",\"description\":\"Tycker du det \u00e4r kul att \u00e5ka skidor och vill tr\u00e4ffa andra h\u00e4rliga skid\u00e5kare och tr\u00e4na ihop?!Kanske ska du \u00e5ka n\u00e5got skidlopp i vinter eller s\u00e5 vill du bara f\u00e5 bra och rolig tr\u00e4ning. Du f\u00e5r utmaning och utveckling i din \u00e5kning under ledning av mig. Vissa pass k\u00f6r vi fokus teknik, andra pass jobbar vi med fart och intervaller medan n\u00e5gra pass handlar om att k\u00f6ra lite l\u00e4ngre. Vi k\u00f6r tr\u00e4ningen hela s\u00e4songen. Du \u00e4r med s\u00e5 ofta du kan och vill. K\u00f6p 5-kort eller 10-kort och fyll p\u00e5 efter hand. Anm\u00e4lan inf\u00f6r varje pass g\u00f6r du genom att skicka ett mail till ulrika@ptullis.se\",\"breadcrumb\":{\"@id\":\"https:\\\/\\\/ptullis.se\\\/?product=skidtraning-5-kort#breadcrumb\"},\"inLanguage\":\"sv-SE\",\"potentialAction\":[{\"@type\":\"ReadAction\",\"target\":[\"https:\\\/\\\/ptullis.se\\\/?product=skidtraning-5-kort\"]}]},{\"@type\":\"BreadcrumbList\",\"@id\":\"https:\\\/\\\/ptullis.se\\\/?product=skidtraning-5-kort#breadcrumb\",\"itemListElement\":[{\"@type\":\"ListItem\",\"position\":1,\"name\":\"Hem\",\"item\":\"https:\\\/\\\/ptullis.se\\\/\"},{\"@type\":\"ListItem\",\"position\":2,\"name\":\"Products\",\"item\":\"https:\\\/\\\/ptullis.se\\\/butik__trashed\\\/\"},{\"@type\":\"ListItem\",\"position\":3,\"name\":\"Skidtr\u00e4ning 5-kort\"}]},{\"@type\":\"WebSite\",\"@id\":\"https:\\\/\\\/ptullis.se\\\/#website\",\"url\":\"https:\\\/\\\/ptullis.se\\\/\",\"name\":\"PT Ullis\",\"description\":\"Sport och Coachning\",\"publisher\":{\"@id\":\"https:\\\/\\\/ptullis.se\\\/#organization\"},\"potentialAction\":[{\"@type\":\"SearchAction\",\"target\":{\"@type\":\"EntryPoint\",\"urlTemplate\":\"https:\\\/\\\/ptullis.se\\\/?s={search_term_string}\"},\"query-input\":{\"@type\":\"PropertyValueSpecification\",\"valueRequired\":true,\"valueName\":\"search_term_string\"}}],\"inLanguage\":\"sv-SE\"},{\"@type\":\"Organization\",\"@id\":\"https:\\\/\\\/ptullis.se\\\/#organization\",\"name\":\"PT Ullis\",\"url\":\"https:\\\/\\\/ptullis.se\\\/\",\"logo\":{\"@type\":\"ImageObject\",\"inLanguage\":\"sv-SE\",\"@id\":\"https:\\\/\\\/ptullis.se\\\/#\\\/schema\\\/logo\\\/image\\\/\",\"url\":\"https:\\\/\\\/ptullis.se\\\/wp-content\\\/uploads\\\/2020\\\/02\\\/Logotype.png\",\"contentUrl\":\"https:\\\/\\\/ptullis.se\\\/wp-content\\\/uploads\\\/2020\\\/02\\\/Logotype.png\",\"width\":1819,\"height\":548,\"caption\":\"PT Ullis\"},\"image\":{\"@id\":\"https:\\\/\\\/ptullis.se\\\/#\\\/schema\\\/logo\\\/image\\\/\"}}]}<\/script>\n<!-- \/ Yoast SEO plugin. -->","yoast_head_json":{"title":"Skidtr\u00e4ning 5-kort - PT Ullis","description":"Tycker du det \u00e4r kul att \u00e5ka skidor och vill tr\u00e4ffa andra h\u00e4rliga skid\u00e5kare och tr\u00e4na ihop?!Kanske ska du \u00e5ka n\u00e5got skidlopp i vinter eller s\u00e5 vill du bara f\u00e5 bra och rolig tr\u00e4ning. Du f\u00e5r utmaning och utveckling i din \u00e5kning under ledning av mig. Vissa pass k\u00f6r vi fokus teknik, andra pass jobbar vi med fart och intervaller medan n\u00e5gra pass handlar om att k\u00f6ra lite l\u00e4ngre. Vi k\u00f6r tr\u00e4ningen hela s\u00e4songen. Du \u00e4r med s\u00e5 ofta du kan och vill. K\u00f6p 5-kort eller 10-kort och fyll p\u00e5 efter hand. Anm\u00e4lan inf\u00f6r varje pass g\u00f6r du genom att skicka ett mail till ulrika@ptullis.se","robots":{"index":"index","follow":"follow","max-snippet":"max-snippet:-1","max-image-preview":"max-image-preview:large","max-video-preview":"max-video-preview:-1"},"canonical":"https:\/\/ptullis.se\/?product=skidtraning-5-kort","og_locale":"sv_SE","og_type":"article","og_title":"Skidtr\u00e4ning 5-kort - PT Ullis","og_description":"Tycker du det \u00e4r kul att \u00e5ka skidor och vill tr\u00e4ffa andra h\u00e4rliga skid\u00e5kare och tr\u00e4na ihop?!Kanske ska du \u00e5ka n\u00e5got skidlopp i vinter eller s\u00e5 vill du bara f\u00e5 bra och rolig tr\u00e4ning. Du f\u00e5r utmaning och utveckling i din \u00e5kning under ledning av mig. Vissa pass k\u00f6r vi fokus teknik, andra pass jobbar vi med fart och intervaller medan n\u00e5gra pass handlar om att k\u00f6ra lite l\u00e4ngre. Vi k\u00f6r tr\u00e4ningen hela s\u00e4songen. Du \u00e4r med s\u00e5 ofta du kan och vill. K\u00f6p 5-kort eller 10-kort och fyll p\u00e5 efter hand. Anm\u00e4lan inf\u00f6r varje pass g\u00f6r du genom att skicka ett mail till ulrika@ptullis.se","og_url":"https:\/\/ptullis.se\/?product=skidtraning-5-kort","og_site_name":"PT Ullis","article_modified_time":"2026-03-15T18:34:37+00:00","twitter_card":"summary_large_image","twitter_misc":{"Ber\u00e4knad l\u00e4stid":"1 minut"},"schema":{"@context":"https:\/\/schema.org","@graph":[{"@type":"WebPage","@id":"https:\/\/ptullis.se\/?product=skidtraning-5-kort","url":"https:\/\/ptullis.se\/?product=skidtraning-5-kort","name":"Skidtr\u00e4ning 5-kort - PT Ullis","isPartOf":{"@id":"https:\/\/ptullis.se\/#website"},"datePublished":"2022-08-16T08:56:19+00:00","dateModified":"2026-03-15T18:34:37+00:00","description":"Tycker du det \u00e4r kul att \u00e5ka skidor och vill tr\u00e4ffa andra h\u00e4rliga skid\u00e5kare och tr\u00e4na ihop?!Kanske ska du \u00e5ka n\u00e5got skidlopp i vinter eller s\u00e5 vill du bara f\u00e5 bra och rolig tr\u00e4ning. Du f\u00e5r utmaning och utveckling i din \u00e5kning under ledning av mig. Vissa pass k\u00f6r vi fokus teknik, andra pass jobbar vi med fart och intervaller medan n\u00e5gra pass handlar om att k\u00f6ra lite l\u00e4ngre. Vi k\u00f6r tr\u00e4ningen hela s\u00e4songen. Du \u00e4r med s\u00e5 ofta du kan och vill. K\u00f6p 5-kort eller 10-kort och fyll p\u00e5 efter hand. Anm\u00e4lan inf\u00f6r varje pass g\u00f6r du genom att skicka ett mail till ulrika@ptullis.se","breadcrumb":{"@id":"https:\/\/ptullis.se\/?product=skidtraning-5-kort#breadcrumb"},"inLanguage":"sv-SE","potentialAction":[{"@type":"ReadAction","target":["https:\/\/ptullis.se\/?product=skidtraning-5-kort"]}]},{"@type":"BreadcrumbList","@id":"https:\/\/ptullis.se\/?product=skidtraning-5-kort#breadcrumb","itemListElement":[{"@type":"ListItem","position":1,"name":"Hem","item":"https:\/\/ptullis.se\/"},{"@type":"ListItem","position":2,"name":"Products","item":"https:\/\/ptullis.se\/butik__trashed\/"},{"@type":"ListItem","position":3,"name":"Skidtr\u00e4ning 5-kort"}]},{"@type":"WebSite","@id":"https:\/\/ptullis.se\/#website","url":"https:\/\/ptullis.se\/","name":"PT Ullis","description":"Sport och Coachning","publisher":{"@id":"https:\/\/ptullis.se\/#organization"},"potentialAction":[{"@type":"SearchAction","target":{"@type":"EntryPoint","urlTemplate":"https:\/\/ptullis.se\/?s={search_term_string}"},"query-input":{"@type":"PropertyValueSpecification","valueRequired":true,"valueName":"search_term_string"}}],"inLanguage":"sv-SE"},{"@type":"Organization","@id":"https:\/\/ptullis.se\/#organization","name":"PT Ullis","url":"https:\/\/ptullis.se\/","logo":{"@type":"ImageObject","inLanguage":"sv-SE","@id":"https:\/\/ptullis.se\/#\/schema\/logo\/image\/","url":"https:\/\/ptullis.se\/wp-content\/uploads\/2020\/02\/Logotype.png","contentUrl":"https:\/\/ptullis.se\/wp-content\/uploads\/2020\/02\/Logotype.png","width":1819,"height":548,"caption":"PT Ullis"},"image":{"@id":"https:\/\/ptullis.se\/#\/schema\/logo\/image\/"}}]}},"_links":{"self":[{"href":"https:\/\/ptullis.se\/index.php?rest_route=\/wp\/v2\/product\/4487","targetHints":{"allow":["GET"]}}],"collection":[{"href":"https:\/\/ptullis.se\/index.php?rest_route=\/wp\/v2\/product"}],"about":[{"href":"https:\/\/ptullis.se\/index.php?rest_route=\/wp\/v2\/types\/product"}],"version-history":[{"count":1,"href":"https:\/\/ptullis.se\/index.php?rest_route=\/wp\/v2\/product\/4487\/revisions"}],"predecessor-version":[{"id":4488,"href":"https:\/\/ptullis.se\/index.php?rest_route=\/wp\/v2\/product\/4487\/revisions\/4488"}],"wp:attachment":[{"href":"https:\/\/ptullis.se\/index.php?rest_route=%2Fwp%2Fv2%2Fmedia&parent=4487"}],"wp:term":[{"taxonomy":"product_brand","embeddable":true,"href":"https:\/\/ptullis.se\/index.php?rest_route=%2Fwp%2Fv2%2Fproduct_brand&post=4487"},{"taxonomy":"product_cat","embeddable":true,"href":"https:\/\/ptullis.se\/index.php?rest_route=%2Fwp%2Fv2%2Fproduct_cat&post=4487"},{"taxonomy":"product_tag","embeddable":true,"href":"https:\/\/ptullis.se\/index.php?rest_route=%2Fwp%2Fv2%2Fproduct_tag&post=4487"}],"curies":[{"name":"wp","href":"https:\/\/api.w.org\/{rel}","templated":true}]}}