{"id":3937,"date":"2022-05-01T05:35:55","date_gmt":"2022-05-01T05:35:55","guid":{"rendered":"https:\/\/ptullis.se\/?post_type=product&#038;p=3937"},"modified":"2022-05-01T05:38:23","modified_gmt":"2022-05-01T05:38:23","slug":"rullskiddag","status":"publish","type":"product","link":"https:\/\/ptullis.se\/?product=rullskiddag","title":{"rendered":"Rullskiddag"},"content":{"rendered":"<div data-block=\"true\" data-editor=\"2on6a\" data-offset-key=\"38t63-0-0\">\n<div data-offset-key=\"38t63-0-0\">\n<div>L\u00f6rdag 4 juni k\u00f6r jag Rullskiddag forts\u00e4ttare.\u00a0Denna dag passar dig som inte l\u00e4ngre \u00e4r ny p\u00e5 rullskidorna men fortfarande vill utvecklas.<\/div>\n<div><\/div>\n<div>Vi kommer jobba teknikbanor d\u00e4r vi fokuserar p\u00e5 stabilitet, balans och snabbhet i f\u00f6tterna. Vi jobbar \u00e4ven vidare med bromstekniker. Och vi avslutar med att k\u00f6ra ett intervallpass d\u00e4r vi utmanar b\u00e5de i diagonal, stakning med fr\u00e5nskjut och stakning.<\/div>\n<div><\/div>\n<div>Varmt v\u00e4lkommen!<\/div>\n<\/div>\n<\/div>\n","protected":false},"excerpt":{"rendered":"<p>L\u00f6rdag 4 juni k\u00f6r jag Rullskiddag forts\u00e4ttare.\u00a0Denna dag passar dig som inte l\u00e4ngre \u00e4r ny p\u00e5 rullskidorna men fortfarande vill utvecklas.<\/p>\n","protected":false},"featured_media":0,"template":"","meta":[],"product_brand":[],"product_cat":[17],"product_tag":[],"class_list":{"0":"post-3937","1":"product","2":"type-product","3":"status-publish","5":"product_cat-okategoriserad","7":"first","8":"instock","9":"taxable","10":"shipping-taxable","11":"purchasable","12":"product-type-simple"},"yoast_head":"<!-- This site is optimized with the Yoast SEO plugin v27.4 - https:\/\/yoast.com\/product\/yoast-seo-wordpress\/ -->\n<title>Rullskiddag - PT Ullis<\/title>\n<meta name=\"description\" content=\"L\u00f6rdag 4 juni k\u00f6r jag Rullskiddag forts\u00e4ttare.\u00a0Denna dag passar dig som inte l\u00e4ngre \u00e4r ny p\u00e5 rullskidorna men fortfarande vill utvecklas.\u00a0\" \/>\n<meta name=\"robots\" content=\"index, follow, max-snippet:-1, max-image-preview:large, max-video-preview:-1\" \/>\n<link rel=\"canonical\" href=\"https:\/\/ptullis.se\/?product=rullskiddag\" \/>\n<meta property=\"og:locale\" content=\"sv_SE\" \/>\n<meta property=\"og:type\" content=\"article\" \/>\n<meta property=\"og:title\" content=\"Rullskiddag - PT Ullis\" \/>\n<meta property=\"og:description\" content=\"L\u00f6rdag 4 juni k\u00f6r jag Rullskiddag forts\u00e4ttare.\u00a0Denna dag passar dig som inte l\u00e4ngre \u00e4r ny p\u00e5 rullskidorna men fortfarande vill utvecklas.\u00a0\" \/>\n<meta property=\"og:url\" content=\"https:\/\/ptullis.se\/?product=rullskiddag\" \/>\n<meta property=\"og:site_name\" content=\"PT Ullis\" \/>\n<meta property=\"article:modified_time\" content=\"2022-05-01T05:38:23+00:00\" \/>\n<meta name=\"twitter:card\" content=\"summary_large_image\" \/>\n<meta name=\"twitter:label1\" content=\"Ber\u00e4knad l\u00e4stid\" \/>\n\t<meta name=\"twitter:data1\" content=\"1 minut\" \/>\n<script type=\"application\/ld+json\" class=\"yoast-schema-graph\">{\"@context\":\"https:\\\/\\\/schema.org\",\"@graph\":[{\"@type\":\"WebPage\",\"@id\":\"https:\\\/\\\/ptullis.se\\\/?product=rullskiddag\",\"url\":\"https:\\\/\\\/ptullis.se\\\/?product=rullskiddag\",\"name\":\"Rullskiddag - PT Ullis\",\"isPartOf\":{\"@id\":\"https:\\\/\\\/ptullis.se\\\/#website\"},\"datePublished\":\"2022-05-01T05:35:55+00:00\",\"dateModified\":\"2022-05-01T05:38:23+00:00\",\"description\":\"L\u00f6rdag 4 juni k\u00f6r jag Rullskiddag forts\u00e4ttare.\u00a0Denna dag passar dig som inte l\u00e4ngre \u00e4r ny p\u00e5 rullskidorna men fortfarande vill utvecklas.\u00a0\",\"breadcrumb\":{\"@id\":\"https:\\\/\\\/ptullis.se\\\/?product=rullskiddag#breadcrumb\"},\"inLanguage\":\"sv-SE\",\"potentialAction\":[{\"@type\":\"ReadAction\",\"target\":[\"https:\\\/\\\/ptullis.se\\\/?product=rullskiddag\"]}]},{\"@type\":\"BreadcrumbList\",\"@id\":\"https:\\\/\\\/ptullis.se\\\/?product=rullskiddag#breadcrumb\",\"itemListElement\":[{\"@type\":\"ListItem\",\"position\":1,\"name\":\"Hem\",\"item\":\"https:\\\/\\\/ptullis.se\\\/\"},{\"@type\":\"ListItem\",\"position\":2,\"name\":\"Products\",\"item\":\"https:\\\/\\\/ptullis.se\\\/butik__trashed\\\/\"},{\"@type\":\"ListItem\",\"position\":3,\"name\":\"Rullskiddag\"}]},{\"@type\":\"WebSite\",\"@id\":\"https:\\\/\\\/ptullis.se\\\/#website\",\"url\":\"https:\\\/\\\/ptullis.se\\\/\",\"name\":\"PT Ullis\",\"description\":\"Sport och Coachning\",\"publisher\":{\"@id\":\"https:\\\/\\\/ptullis.se\\\/#organization\"},\"potentialAction\":[{\"@type\":\"SearchAction\",\"target\":{\"@type\":\"EntryPoint\",\"urlTemplate\":\"https:\\\/\\\/ptullis.se\\\/?s={search_term_string}\"},\"query-input\":{\"@type\":\"PropertyValueSpecification\",\"valueRequired\":true,\"valueName\":\"search_term_string\"}}],\"inLanguage\":\"sv-SE\"},{\"@type\":\"Organization\",\"@id\":\"https:\\\/\\\/ptullis.se\\\/#organization\",\"name\":\"PT Ullis\",\"url\":\"https:\\\/\\\/ptullis.se\\\/\",\"logo\":{\"@type\":\"ImageObject\",\"inLanguage\":\"sv-SE\",\"@id\":\"https:\\\/\\\/ptullis.se\\\/#\\\/schema\\\/logo\\\/image\\\/\",\"url\":\"https:\\\/\\\/ptullis.se\\\/wp-content\\\/uploads\\\/2020\\\/02\\\/Logotype.png\",\"contentUrl\":\"https:\\\/\\\/ptullis.se\\\/wp-content\\\/uploads\\\/2020\\\/02\\\/Logotype.png\",\"width\":1819,\"height\":548,\"caption\":\"PT Ullis\"},\"image\":{\"@id\":\"https:\\\/\\\/ptullis.se\\\/#\\\/schema\\\/logo\\\/image\\\/\"}}]}<\/script>\n<!-- \/ Yoast SEO plugin. -->","yoast_head_json":{"title":"Rullskiddag - PT Ullis","description":"L\u00f6rdag 4 juni k\u00f6r jag Rullskiddag forts\u00e4ttare.\u00a0Denna dag passar dig som inte l\u00e4ngre \u00e4r ny p\u00e5 rullskidorna men fortfarande vill utvecklas.\u00a0","robots":{"index":"index","follow":"follow","max-snippet":"max-snippet:-1","max-image-preview":"max-image-preview:large","max-video-preview":"max-video-preview:-1"},"canonical":"https:\/\/ptullis.se\/?product=rullskiddag","og_locale":"sv_SE","og_type":"article","og_title":"Rullskiddag - PT Ullis","og_description":"L\u00f6rdag 4 juni k\u00f6r jag Rullskiddag forts\u00e4ttare.\u00a0Denna dag passar dig som inte l\u00e4ngre \u00e4r ny p\u00e5 rullskidorna men fortfarande vill utvecklas.\u00a0","og_url":"https:\/\/ptullis.se\/?product=rullskiddag","og_site_name":"PT Ullis","article_modified_time":"2022-05-01T05:38:23+00:00","twitter_card":"summary_large_image","twitter_misc":{"Ber\u00e4knad l\u00e4stid":"1 minut"},"schema":{"@context":"https:\/\/schema.org","@graph":[{"@type":"WebPage","@id":"https:\/\/ptullis.se\/?product=rullskiddag","url":"https:\/\/ptullis.se\/?product=rullskiddag","name":"Rullskiddag - PT Ullis","isPartOf":{"@id":"https:\/\/ptullis.se\/#website"},"datePublished":"2022-05-01T05:35:55+00:00","dateModified":"2022-05-01T05:38:23+00:00","description":"L\u00f6rdag 4 juni k\u00f6r jag Rullskiddag forts\u00e4ttare.\u00a0Denna dag passar dig som inte l\u00e4ngre \u00e4r ny p\u00e5 rullskidorna men fortfarande vill utvecklas.\u00a0","breadcrumb":{"@id":"https:\/\/ptullis.se\/?product=rullskiddag#breadcrumb"},"inLanguage":"sv-SE","potentialAction":[{"@type":"ReadAction","target":["https:\/\/ptullis.se\/?product=rullskiddag"]}]},{"@type":"BreadcrumbList","@id":"https:\/\/ptullis.se\/?product=rullskiddag#breadcrumb","itemListElement":[{"@type":"ListItem","position":1,"name":"Hem","item":"https:\/\/ptullis.se\/"},{"@type":"ListItem","position":2,"name":"Products","item":"https:\/\/ptullis.se\/butik__trashed\/"},{"@type":"ListItem","position":3,"name":"Rullskiddag"}]},{"@type":"WebSite","@id":"https:\/\/ptullis.se\/#website","url":"https:\/\/ptullis.se\/","name":"PT Ullis","description":"Sport och Coachning","publisher":{"@id":"https:\/\/ptullis.se\/#organization"},"potentialAction":[{"@type":"SearchAction","target":{"@type":"EntryPoint","urlTemplate":"https:\/\/ptullis.se\/?s={search_term_string}"},"query-input":{"@type":"PropertyValueSpecification","valueRequired":true,"valueName":"search_term_string"}}],"inLanguage":"sv-SE"},{"@type":"Organization","@id":"https:\/\/ptullis.se\/#organization","name":"PT Ullis","url":"https:\/\/ptullis.se\/","logo":{"@type":"ImageObject","inLanguage":"sv-SE","@id":"https:\/\/ptullis.se\/#\/schema\/logo\/image\/","url":"https:\/\/ptullis.se\/wp-content\/uploads\/2020\/02\/Logotype.png","contentUrl":"https:\/\/ptullis.se\/wp-content\/uploads\/2020\/02\/Logotype.png","width":1819,"height":548,"caption":"PT Ullis"},"image":{"@id":"https:\/\/ptullis.se\/#\/schema\/logo\/image\/"}}]}},"_links":{"self":[{"href":"https:\/\/ptullis.se\/index.php?rest_route=\/wp\/v2\/product\/3937","targetHints":{"allow":["GET"]}}],"collection":[{"href":"https:\/\/ptullis.se\/index.php?rest_route=\/wp\/v2\/product"}],"about":[{"href":"https:\/\/ptullis.se\/index.php?rest_route=\/wp\/v2\/types\/product"}],"version-history":[{"count":1,"href":"https:\/\/ptullis.se\/index.php?rest_route=\/wp\/v2\/product\/3937\/revisions"}],"predecessor-version":[{"id":3938,"href":"https:\/\/ptullis.se\/index.php?rest_route=\/wp\/v2\/product\/3937\/revisions\/3938"}],"wp:attachment":[{"href":"https:\/\/ptullis.se\/index.php?rest_route=%2Fwp%2Fv2%2Fmedia&parent=3937"}],"wp:term":[{"taxonomy":"product_brand","embeddable":true,"href":"https:\/\/ptullis.se\/index.php?rest_route=%2Fwp%2Fv2%2Fproduct_brand&post=3937"},{"taxonomy":"product_cat","embeddable":true,"href":"https:\/\/ptullis.se\/index.php?rest_route=%2Fwp%2Fv2%2Fproduct_cat&post=3937"},{"taxonomy":"product_tag","embeddable":true,"href":"https:\/\/ptullis.se\/index.php?rest_route=%2Fwp%2Fv2%2Fproduct_tag&post=3937"}],"curies":[{"name":"wp","href":"https:\/\/api.w.org\/{rel}","templated":true}]}}