{"id":238,"date":"2019-04-03T19:35:10","date_gmt":"2019-04-03T19:35:10","guid":{"rendered":"https:\/\/ptullis.se\/?page_id=238"},"modified":"2026-03-12T17:29:56","modified_gmt":"2026-03-12T17:29:56","slug":"hem","status":"publish","type":"page","link":"https:\/\/ptullis.se\/","title":{"rendered":"Start"},"content":{"rendered":"\t\t<div data-elementor-type=\"wp-post\" data-elementor-id=\"238\" class=\"elementor elementor-238\" data-elementor-post-type=\"page\">\n\t\t\t\t<div class=\"elementor-element elementor-element-70531dc e-flex e-con-boxed e-con e-parent\" data-id=\"70531dc\" data-element_type=\"container\" data-e-type=\"container\" data-settings=\"{&quot;background_background&quot;:&quot;classic&quot;}\">\n\t\t\t\t\t<div class=\"e-con-inner\">\n\t\t\t\t<div class=\"elementor-element elementor-element-0c14bcb elementor-widget__width-initial elementor-widget-mobile__width-initial elementor-widget elementor-widget-heading\" data-id=\"0c14bcb\" data-element_type=\"widget\" data-e-type=\"widget\" data-widget_type=\"heading.default\">\n\t\t\t\t<div class=\"elementor-widget-container\">\n\t\t\t\t\t<h2 class=\"elementor-heading-title elementor-size-default\"><br>V\u00e4lkommen till <br>PT-Ullis Sport och Coachning!<\/h2>\t\t\t\t<\/div>\n\t\t\t\t<\/div>\n\t\t\t\t\t<\/div>\n\t\t\t\t<\/div>\n\t\t<div class=\"elementor-element elementor-element-7c2b83f e-flex e-con-boxed e-con e-parent\" data-id=\"7c2b83f\" data-element_type=\"container\" data-e-type=\"container\">\n\t\t\t\t\t<div class=\"e-con-inner\">\n\t\t<div class=\"elementor-element elementor-element-6d3e655 e-con-full e-flex e-con e-child\" data-id=\"6d3e655\" data-element_type=\"container\" data-e-type=\"container\">\n\t\t<a class=\"elementor-element elementor-element-b6bf6ea e-con-full e-flex e-con e-child\" data-id=\"b6bf6ea\" data-element_type=\"container\" data-e-type=\"container\" data-settings=\"{&quot;background_background&quot;:&quot;classic&quot;}\" href=\"https:\/\/ptullis.se\/?page_id=1730\">\n\t\t\t\t<div class=\"elementor-element elementor-element-b4cfc8f elementor-widget elementor-widget-heading\" data-id=\"b4cfc8f\" data-element_type=\"widget\" data-e-type=\"widget\" data-widget_type=\"heading.default\">\n\t\t\t\t<div class=\"elementor-widget-container\">\n\t\t\t\t\t<h4 class=\"elementor-heading-title elementor-size-default\">Skidtr\u00e4ning<\/h4>\t\t\t\t<\/div>\n\t\t\t\t<\/div>\n\t\t\t\t<\/a>\n\t\t<a class=\"elementor-element elementor-element-5cbce99 e-con-full e-flex e-con e-child\" data-id=\"5cbce99\" data-element_type=\"container\" data-e-type=\"container\" data-settings=\"{&quot;background_background&quot;:&quot;classic&quot;}\" href=\"https:\/\/ptullis.se\/?page_id=1809\">\n\t\t\t\t<div class=\"elementor-element elementor-element-1ab4fd0 elementor-widget elementor-widget-heading\" data-id=\"1ab4fd0\" data-element_type=\"widget\" data-e-type=\"widget\" data-widget_type=\"heading.default\">\n\t\t\t\t<div class=\"elementor-widget-container\">\n\t\t\t\t\t<h4 class=\"elementor-heading-title elementor-size-default\">L\u00e4ger &amp; Events<\/h4>\t\t\t\t<\/div>\n\t\t\t\t<\/div>\n\t\t\t\t<\/a>\n\t\t<a class=\"elementor-element elementor-element-2f919e5 e-con-full e-flex e-con e-child\" data-id=\"2f919e5\" data-element_type=\"container\" data-e-type=\"container\" data-settings=\"{&quot;background_background&quot;:&quot;classic&quot;}\" href=\"https:\/\/ptullis.se\/?page_id=1266\">\n\t\t\t\t<div class=\"elementor-element elementor-element-7eb7047 elementor-widget elementor-widget-heading\" data-id=\"7eb7047\" data-element_type=\"widget\" data-e-type=\"widget\" data-widget_type=\"heading.default\">\n\t\t\t\t<div class=\"elementor-widget-container\">\n\t\t\t\t\t<h4 class=\"elementor-heading-title elementor-size-default\">Rullskidtr\u00e4ning<\/h4>\t\t\t\t<\/div>\n\t\t\t\t<\/div>\n\t\t\t\t<\/a>\n\t\t<a class=\"elementor-element elementor-element-b5948b6 e-con-full e-flex e-con e-child\" data-id=\"b5948b6\" data-element_type=\"container\" data-e-type=\"container\" data-settings=\"{&quot;background_background&quot;:&quot;classic&quot;}\" href=\"https:\/\/ptullis.se\/?page_id=1776\">\n\t\t\t\t<div class=\"elementor-element elementor-element-c3861fe elementor-widget elementor-widget-heading\" data-id=\"c3861fe\" data-element_type=\"widget\" data-e-type=\"widget\" data-widget_type=\"heading.default\">\n\t\t\t\t<div class=\"elementor-widget-container\">\n\t\t\t\t\t<h4 class=\"elementor-heading-title elementor-size-default\">personlig tr\u00e4ning<\/h4>\t\t\t\t<\/div>\n\t\t\t\t<\/div>\n\t\t\t\t<\/a>\n\t\t\t\t<\/div>\n\t\t\t\t\t<\/div>\n\t\t\t\t<\/div>\n\t\t<div class=\"elementor-element elementor-element-c35cb92 e-flex e-con-boxed e-con e-parent\" data-id=\"c35cb92\" data-element_type=\"container\" data-e-type=\"container\">\n\t\t\t\t\t<div class=\"e-con-inner\">\n\t\t<div class=\"elementor-element elementor-element-3314b71 e-con-full e-flex e-con e-child\" data-id=\"3314b71\" data-element_type=\"container\" data-e-type=\"container\">\n\t\t\t\t<div class=\"elementor-element elementor-element-b520d27 elementor-widget elementor-widget-heading\" data-id=\"b520d27\" data-element_type=\"widget\" data-e-type=\"widget\" data-widget_type=\"heading.default\">\n\t\t\t\t<div class=\"elementor-widget-container\">\n\t\t\t\t\t<h2 class=\"elementor-heading-title elementor-size-default\">Jag vill att du ska ha roligt!<\/h2>\t\t\t\t<\/div>\n\t\t\t\t<\/div>\n\t\t\t\t<div class=\"elementor-element elementor-element-4c14b3a elementor-widget-mobile__width-initial elementor-widget elementor-widget-text-editor\" data-id=\"4c14b3a\" data-element_type=\"widget\" data-e-type=\"widget\" data-widget_type=\"text-editor.default\">\n\t\t\t\t<div class=\"elementor-widget-container\">\n\t\t\t\t\t\t\t\t\t<p>Min utl\u00e4rning handlar om kunskap, god pedagogik och det viktigaste, en himla massa gl\u00e4dje. Jag tror n\u00e4mligen att just gl\u00e4dje till det vi g\u00f6r \u00e4r avg\u00f6rande f\u00f6r om vi blir intresserade av n\u00e5got och vill forts\u00e4tta med det.\u00a0<\/p><p>Tr\u00e4ning \u00e4r s\u00e5 mycket mer \u00e4n hur snabbt du springer milen, resultatet i ett skidlopp eller hur tungt du lyfter p\u00e5 gymmet. Tr\u00e4ning f\u00f6r mig handlar framf\u00f6r allt om helheten; om att m\u00e5 bra, b\u00e5de fysiskt och mentalt.\u00a0 Vara n\u00f6jd med sig sj\u00e4lv och jobba utifr\u00e5n d\u00e4r man \u00e4r. Inspireras g\u00e4rna av andra men m\u00e4t dig mot dig sj\u00e4lv och se framstegen du g\u00f6r!\u00a0<\/p>\t\t\t\t\t\t\t\t<\/div>\n\t\t\t\t<\/div>\n\t\t\t\t<div class=\"elementor-element elementor-element-a5c504c elementor-widget elementor-widget-button\" data-id=\"a5c504c\" data-element_type=\"widget\" data-e-type=\"widget\" data-widget_type=\"button.default\">\n\t\t\t\t<div class=\"elementor-widget-container\">\n\t\t\t\t\t\t\t\t\t<div class=\"elementor-button-wrapper\">\n\t\t\t\t\t<a class=\"elementor-button elementor-button-link elementor-size-sm\" href=\"https:\/\/ptullis.se\/?page_id=1690\">\n\t\t\t\t\t\t<span class=\"elementor-button-content-wrapper\">\n\t\t\t\t\t\t\t\t\t<span class=\"elementor-button-text\">L\u00e4s mer h\u00e4r<\/span>\n\t\t\t\t\t<\/span>\n\t\t\t\t\t<\/a>\n\t\t\t\t<\/div>\n\t\t\t\t\t\t\t\t<\/div>\n\t\t\t\t<\/div>\n\t\t\t\t<div class=\"elementor-element elementor-element-d9b0051 elementor-tablet-align-start elementor-hidden-tablet elementor-align-start elementor-icon-list--layout-traditional elementor-list-item-link-full_width elementor-widget elementor-widget-icon-list\" data-id=\"d9b0051\" data-element_type=\"widget\" data-e-type=\"widget\" data-widget_type=\"icon-list.default\">\n\t\t\t\t<div class=\"elementor-widget-container\">\n\t\t\t\t\t\t\t<ul class=\"elementor-icon-list-items\">\n\t\t\t\t\t\t\t<li class=\"elementor-icon-list-item\">\n\t\t\t\t\t\t\t\t\t\t\t<span class=\"elementor-icon-list-icon\">\n\t\t\t\t\t\t\t<i aria-hidden=\"true\" class=\"fas fa-phone\"><\/i>\t\t\t\t\t\t<\/span>\n\t\t\t\t\t\t\t\t\t\t<span class=\"elementor-icon-list-text\">0707-69 67 70<\/span>\n\t\t\t\t\t\t\t\t\t<\/li>\n\t\t\t\t\t\t\t\t<li class=\"elementor-icon-list-item\">\n\t\t\t\t\t\t\t\t\t\t\t<a href=\"mailto:ulrika@ptullis.se\">\n\n\t\t\t\t\t\t\t\t\t\t\t\t<span class=\"elementor-icon-list-icon\">\n\t\t\t\t\t\t\t<i aria-hidden=\"true\" class=\"fas fa-envelope\"><\/i>\t\t\t\t\t\t<\/span>\n\t\t\t\t\t\t\t\t\t\t<span class=\"elementor-icon-list-text\">ulrika@ptullis.se<\/span>\n\t\t\t\t\t\t\t\t\t\t\t<\/a>\n\t\t\t\t\t\t\t\t\t<\/li>\n\t\t\t\t\t\t<\/ul>\n\t\t\t\t\t\t<\/div>\n\t\t\t\t<\/div>\n\t\t\t\t<div class=\"elementor-element elementor-element-5509c97 elementor-shape-circle e-grid-align-left elementor-grid-0 elementor-widget elementor-widget-social-icons\" data-id=\"5509c97\" data-element_type=\"widget\" data-e-type=\"widget\" data-widget_type=\"social-icons.default\">\n\t\t\t\t<div class=\"elementor-widget-container\">\n\t\t\t\t\t\t\t<div class=\"elementor-social-icons-wrapper elementor-grid\" role=\"list\">\n\t\t\t\t\t\t\t<span class=\"elementor-grid-item\" role=\"listitem\">\n\t\t\t\t\t<a class=\"elementor-icon elementor-social-icon elementor-social-icon-facebook elementor-repeater-item-4715231\" href=\"https:\/\/www.facebook.com\/ptullis.se\" target=\"_blank\">\n\t\t\t\t\t\t<span class=\"elementor-screen-only\">Facebook<\/span>\n\t\t\t\t\t\t<i aria-hidden=\"true\" class=\"fab fa-facebook\"><\/i>\t\t\t\t\t<\/a>\n\t\t\t\t<\/span>\n\t\t\t\t\t\t\t<span class=\"elementor-grid-item\" role=\"listitem\">\n\t\t\t\t\t<a class=\"elementor-icon elementor-social-icon elementor-social-icon-instagram elementor-repeater-item-f6ad41d\" href=\"https:\/\/www.instagram.com\/ptulliscoachning\/\" target=\"_blank\">\n\t\t\t\t\t\t<span class=\"elementor-screen-only\">Instagram<\/span>\n\t\t\t\t\t\t<i aria-hidden=\"true\" class=\"fab fa-instagram\"><\/i>\t\t\t\t\t<\/a>\n\t\t\t\t<\/span>\n\t\t\t\t\t<\/div>\n\t\t\t\t\t\t<\/div>\n\t\t\t\t<\/div>\n\t\t\t\t<\/div>\n\t\t<div class=\"elementor-element elementor-element-c222366 e-con-full e-flex e-con e-child\" data-id=\"c222366\" data-element_type=\"container\" data-e-type=\"container\">\n\t\t\t\t<div class=\"elementor-element elementor-element-7fbf009 elementor-widget elementor-widget-image\" data-id=\"7fbf009\" data-element_type=\"widget\" data-e-type=\"widget\" data-widget_type=\"image.default\">\n\t\t\t\t<div class=\"elementor-widget-container\">\n\t\t\t\t\t\t\t\t\t\t\t\t\t\t\t<img fetchpriority=\"high\" decoding=\"async\" width=\"800\" height=\"800\" src=\"https:\/\/ptullis.se\/wp-content\/uploads\/2022\/04\/ullis_portra\u0308tt.webp\" class=\"attachment-large size-large wp-image-2223\" alt=\"\" srcset=\"https:\/\/ptullis.se\/wp-content\/uploads\/2022\/04\/ullis_portra\u0308tt.webp 831w, https:\/\/ptullis.se\/wp-content\/uploads\/2022\/04\/ullis_portra\u0308tt-300x300.webp 300w, https:\/\/ptullis.se\/wp-content\/uploads\/2022\/04\/ullis_portra\u0308tt-150x150.webp 150w, https:\/\/ptullis.se\/wp-content\/uploads\/2022\/04\/ullis_portra\u0308tt-768x768.webp 768w, https:\/\/ptullis.se\/wp-content\/uploads\/2022\/04\/ullis_portra\u0308tt-600x600.webp 600w, https:\/\/ptullis.se\/wp-content\/uploads\/2022\/04\/ullis_portra\u0308tt-100x100.webp 100w\" sizes=\"(max-width: 800px) 100vw, 800px\" \/>\t\t\t\t\t\t\t\t\t\t\t\t\t\t\t<\/div>\n\t\t\t\t<\/div>\n\t\t\t\t<\/div>\n\t\t\t\t\t<\/div>\n\t\t\t\t<\/div>\n\t\t<div class=\"elementor-element elementor-element-1f128e7 e-flex e-con-boxed e-con e-parent\" data-id=\"1f128e7\" data-element_type=\"container\" data-e-type=\"container\">\n\t\t\t\t\t<div class=\"e-con-inner\">\n\t\t\t\t\t<\/div>\n\t\t\t\t<\/div>\n\t\t<div class=\"elementor-element elementor-element-26cc5d7 e-flex e-con-boxed e-con e-parent\" data-id=\"26cc5d7\" data-element_type=\"container\" data-e-type=\"container\">\n\t\t\t\t\t<div class=\"e-con-inner\">\n\t\t\t\t\t<\/div>\n\t\t\t\t<\/div>\n\t\t\t\t<\/div>\n\t\t","protected":false},"excerpt":{"rendered":"<p>V\u00e4lkommen till PT-Ullis Sport och Coachning! Skidtr\u00e4ning L\u00e4ger &amp; Events Rullskidtr\u00e4ning personlig tr\u00e4ning Jag vill att du ska ha roligt! Min utl\u00e4rning handlar om kunskap, god pedagogik och det viktigaste, en himla massa gl\u00e4dje. Jag tror n\u00e4mligen att just gl\u00e4dje till det vi g\u00f6r \u00e4r avg\u00f6rande f\u00f6r om vi blir intresserade av n\u00e5got och vill [&hellip;]<\/p>\n","protected":false},"author":1,"featured_media":0,"parent":0,"menu_order":0,"comment_status":"closed","ping_status":"closed","template":"elementor_header_footer","meta":{"footnotes":""},"class_list":["post-238","page","type-page","status-publish","hentry"],"yoast_head":"<!-- This site is optimized with the Yoast SEO plugin v27.5 - https:\/\/yoast.com\/product\/yoast-seo-wordpress\/ -->\n<title>PT Ullis \u2013 Sport och Coaching<\/title>\n<meta name=\"description\" content=\"Jag erbjuder kurser i rullskidor och l\u00e4ngdskidor, samt grupptr\u00e4ningar och tr\u00e4ningsl\u00e4ger. Alltid med god pedagogik och det viktigaste, en himla massa gl\u00e4dje!\" \/>\n<meta name=\"robots\" content=\"index, follow, max-snippet:-1, max-image-preview:large, max-video-preview:-1\" \/>\n<link rel=\"canonical\" href=\"https:\/\/ptullis.se\/\" \/>\n<meta property=\"og:locale\" content=\"sv_SE\" \/>\n<meta property=\"og:type\" content=\"article\" \/>\n<meta property=\"og:title\" content=\"PT Ullis Sport och Coaching\" \/>\n<meta property=\"og:description\" content=\"Jag erbjuder kurser i rullskidor och l\u00e4ngdskidor, samt grupptr\u00e4ningar och tr\u00e4ningsl\u00e4ger. Alltid med god pedagogik och det viktigaste, en himla massa gl\u00e4dje!\" \/>\n<meta property=\"og:url\" content=\"https:\/\/ptullis.se\/\" \/>\n<meta property=\"og:site_name\" content=\"PT Ullis\" \/>\n<meta property=\"article:modified_time\" content=\"2026-03-12T17:29:56+00:00\" \/>\n<meta property=\"og:image\" content=\"https:\/\/ptullis.se\/wp-content\/uploads\/2022\/04\/front.jpg\" \/>\n\t<meta property=\"og:image:width\" content=\"1893\" \/>\n\t<meta property=\"og:image:height\" content=\"1065\" \/>\n\t<meta property=\"og:image:type\" content=\"image\/jpeg\" \/>\n<meta name=\"twitter:card\" content=\"summary_large_image\" \/>\n<meta name=\"twitter:label1\" content=\"Ber\u00e4knad l\u00e4stid\" \/>\n\t<meta name=\"twitter:data1\" content=\"1 minut\" \/>\n<script type=\"application\/ld+json\" class=\"yoast-schema-graph\">{\"@context\":\"https:\\\/\\\/schema.org\",\"@graph\":[{\"@type\":\"WebPage\",\"@id\":\"https:\\\/\\\/ptullis.se\\\/\",\"url\":\"https:\\\/\\\/ptullis.se\\\/\",\"name\":\"PT Ullis \u2013 Sport och Coaching\",\"isPartOf\":{\"@id\":\"https:\\\/\\\/ptullis.se\\\/#website\"},\"datePublished\":\"2019-04-03T19:35:10+00:00\",\"dateModified\":\"2026-03-12T17:29:56+00:00\",\"description\":\"Jag erbjuder kurser i rullskidor och l\u00e4ngdskidor, samt grupptr\u00e4ningar och tr\u00e4ningsl\u00e4ger. Alltid med god pedagogik och det viktigaste, en himla massa gl\u00e4dje!\",\"breadcrumb\":{\"@id\":\"https:\\\/\\\/ptullis.se\\\/#breadcrumb\"},\"inLanguage\":\"sv-SE\",\"potentialAction\":[{\"@type\":\"ReadAction\",\"target\":[\"https:\\\/\\\/ptullis.se\\\/\"]}]},{\"@type\":\"BreadcrumbList\",\"@id\":\"https:\\\/\\\/ptullis.se\\\/#breadcrumb\",\"itemListElement\":[{\"@type\":\"ListItem\",\"position\":1,\"name\":\"Hem\",\"item\":\"https:\\\/\\\/ptullis.se\\\/\"},{\"@type\":\"ListItem\",\"position\":2,\"name\":\"Start\"}]},{\"@type\":\"WebSite\",\"@id\":\"https:\\\/\\\/ptullis.se\\\/#website\",\"url\":\"https:\\\/\\\/ptullis.se\\\/\",\"name\":\"PT Ullis\",\"description\":\"Sport och Coachning\",\"publisher\":{\"@id\":\"https:\\\/\\\/ptullis.se\\\/#organization\"},\"potentialAction\":[{\"@type\":\"SearchAction\",\"target\":{\"@type\":\"EntryPoint\",\"urlTemplate\":\"https:\\\/\\\/ptullis.se\\\/?s={search_term_string}\"},\"query-input\":{\"@type\":\"PropertyValueSpecification\",\"valueRequired\":true,\"valueName\":\"search_term_string\"}}],\"inLanguage\":\"sv-SE\"},{\"@type\":\"Organization\",\"@id\":\"https:\\\/\\\/ptullis.se\\\/#organization\",\"name\":\"PT Ullis\",\"url\":\"https:\\\/\\\/ptullis.se\\\/\",\"logo\":{\"@type\":\"ImageObject\",\"inLanguage\":\"sv-SE\",\"@id\":\"https:\\\/\\\/ptullis.se\\\/#\\\/schema\\\/logo\\\/image\\\/\",\"url\":\"https:\\\/\\\/ptullis.se\\\/wp-content\\\/uploads\\\/2020\\\/02\\\/Logotype.png\",\"contentUrl\":\"https:\\\/\\\/ptullis.se\\\/wp-content\\\/uploads\\\/2020\\\/02\\\/Logotype.png\",\"width\":1819,\"height\":548,\"caption\":\"PT Ullis\"},\"image\":{\"@id\":\"https:\\\/\\\/ptullis.se\\\/#\\\/schema\\\/logo\\\/image\\\/\"}}]}<\/script>\n<!-- \/ Yoast SEO plugin. -->","yoast_head_json":{"title":"PT Ullis \u2013 Sport och Coaching","description":"Jag erbjuder kurser i rullskidor och l\u00e4ngdskidor, samt grupptr\u00e4ningar och tr\u00e4ningsl\u00e4ger. Alltid med god pedagogik och det viktigaste, en himla massa gl\u00e4dje!","robots":{"index":"index","follow":"follow","max-snippet":"max-snippet:-1","max-image-preview":"max-image-preview:large","max-video-preview":"max-video-preview:-1"},"canonical":"https:\/\/ptullis.se\/","og_locale":"sv_SE","og_type":"article","og_title":"PT Ullis Sport och Coaching","og_description":"Jag erbjuder kurser i rullskidor och l\u00e4ngdskidor, samt grupptr\u00e4ningar och tr\u00e4ningsl\u00e4ger. Alltid med god pedagogik och det viktigaste, en himla massa gl\u00e4dje!","og_url":"https:\/\/ptullis.se\/","og_site_name":"PT Ullis","article_modified_time":"2026-03-12T17:29:56+00:00","og_image":[{"width":1893,"height":1065,"url":"https:\/\/ptullis.se\/wp-content\/uploads\/2022\/04\/front.jpg","type":"image\/jpeg"}],"twitter_card":"summary_large_image","twitter_misc":{"Ber\u00e4knad l\u00e4stid":"1 minut"},"schema":{"@context":"https:\/\/schema.org","@graph":[{"@type":"WebPage","@id":"https:\/\/ptullis.se\/","url":"https:\/\/ptullis.se\/","name":"PT Ullis \u2013 Sport och Coaching","isPartOf":{"@id":"https:\/\/ptullis.se\/#website"},"datePublished":"2019-04-03T19:35:10+00:00","dateModified":"2026-03-12T17:29:56+00:00","description":"Jag erbjuder kurser i rullskidor och l\u00e4ngdskidor, samt grupptr\u00e4ningar och tr\u00e4ningsl\u00e4ger. Alltid med god pedagogik och det viktigaste, en himla massa gl\u00e4dje!","breadcrumb":{"@id":"https:\/\/ptullis.se\/#breadcrumb"},"inLanguage":"sv-SE","potentialAction":[{"@type":"ReadAction","target":["https:\/\/ptullis.se\/"]}]},{"@type":"BreadcrumbList","@id":"https:\/\/ptullis.se\/#breadcrumb","itemListElement":[{"@type":"ListItem","position":1,"name":"Hem","item":"https:\/\/ptullis.se\/"},{"@type":"ListItem","position":2,"name":"Start"}]},{"@type":"WebSite","@id":"https:\/\/ptullis.se\/#website","url":"https:\/\/ptullis.se\/","name":"PT Ullis","description":"Sport och Coachning","publisher":{"@id":"https:\/\/ptullis.se\/#organization"},"potentialAction":[{"@type":"SearchAction","target":{"@type":"EntryPoint","urlTemplate":"https:\/\/ptullis.se\/?s={search_term_string}"},"query-input":{"@type":"PropertyValueSpecification","valueRequired":true,"valueName":"search_term_string"}}],"inLanguage":"sv-SE"},{"@type":"Organization","@id":"https:\/\/ptullis.se\/#organization","name":"PT Ullis","url":"https:\/\/ptullis.se\/","logo":{"@type":"ImageObject","inLanguage":"sv-SE","@id":"https:\/\/ptullis.se\/#\/schema\/logo\/image\/","url":"https:\/\/ptullis.se\/wp-content\/uploads\/2020\/02\/Logotype.png","contentUrl":"https:\/\/ptullis.se\/wp-content\/uploads\/2020\/02\/Logotype.png","width":1819,"height":548,"caption":"PT Ullis"},"image":{"@id":"https:\/\/ptullis.se\/#\/schema\/logo\/image\/"}}]}},"_links":{"self":[{"href":"https:\/\/ptullis.se\/index.php?rest_route=\/wp\/v2\/pages\/238","targetHints":{"allow":["GET"]}}],"collection":[{"href":"https:\/\/ptullis.se\/index.php?rest_route=\/wp\/v2\/pages"}],"about":[{"href":"https:\/\/ptullis.se\/index.php?rest_route=\/wp\/v2\/types\/page"}],"author":[{"embeddable":true,"href":"https:\/\/ptullis.se\/index.php?rest_route=\/wp\/v2\/users\/1"}],"replies":[{"embeddable":true,"href":"https:\/\/ptullis.se\/index.php?rest_route=%2Fwp%2Fv2%2Fcomments&post=238"}],"version-history":[{"count":220,"href":"https:\/\/ptullis.se\/index.php?rest_route=\/wp\/v2\/pages\/238\/revisions"}],"predecessor-version":[{"id":6439,"href":"https:\/\/ptullis.se\/index.php?rest_route=\/wp\/v2\/pages\/238\/revisions\/6439"}],"wp:attachment":[{"href":"https:\/\/ptullis.se\/index.php?rest_route=%2Fwp%2Fv2%2Fmedia&parent=238"}],"curies":[{"name":"wp","href":"https:\/\/api.w.org\/{rel}","templated":true}]}}