{"id":1619,"date":"2022-03-31T05:01:37","date_gmt":"2022-03-31T05:01:37","guid":{"rendered":"https:\/\/ptullis.se\/ptullis_stage\/?page_id=1619"},"modified":"2026-04-16T15:04:27","modified_gmt":"2026-04-16T15:04:27","slug":"boka-privatlektion-rullskidor","status":"publish","type":"page","link":"https:\/\/ptullis.se\/?page_id=1619","title":{"rendered":"Boka privatlektion rullskidor"},"content":{"rendered":"\t\t<div data-elementor-type=\"wp-page\" data-elementor-id=\"1619\" class=\"elementor elementor-1619\" data-elementor-post-type=\"page\">\n\t\t\t\t<div class=\"elementor-element elementor-element-46947a9 e-flex e-con-boxed e-con e-parent\" data-id=\"46947a9\" data-element_type=\"container\" data-e-type=\"container\">\n\t\t\t\t\t<div class=\"e-con-inner\">\n\t\t\t\t<div class=\"elementor-element elementor-element-72f6a1c elementor-widget elementor-widget-heading\" data-id=\"72f6a1c\" data-element_type=\"widget\" data-e-type=\"widget\" data-widget_type=\"heading.default\">\n\t\t\t\t<div class=\"elementor-widget-container\">\n\t\t\t\t\t<h2 class=\"elementor-heading-title elementor-size-default\">Boka privatlektioner<\/h2>\t\t\t\t<\/div>\n\t\t\t\t<\/div>\n\t\t\t\t<div class=\"elementor-element elementor-element-6be183d elementor-widget elementor-widget-text-editor\" data-id=\"6be183d\" data-element_type=\"widget\" data-e-type=\"widget\" data-widget_type=\"text-editor.default\">\n\t\t\t\t<div class=\"elementor-widget-container\">\n\t\t\t\t\t\t\t\t\t<p>Ange nedan vad du \u00e4r intresserad av och dina kontaktuppgifter s\u00e5 kommer jag snarast kontakta dig f\u00f6r att komma \u00f6verens om uppl\u00e4gget. Beskriv g\u00e4rna i meddelanderutan vad du har f\u00f6r behov! Betalning sker till bankgiro eller Swish n\u00e4r just ditt uppl\u00e4gg \u00e4r klart.<\/p>\n<p><span style=\"font-weight: bold;\">JUST NU S\u00c5 FUNGERAR EJ KONTAKTF\u00d6RMUL\u00c4RET NEDAN.&nbsp;<\/span><\/p>\n<p><span style=\"font-weight: bold;\">F\u00d6R ATT BOKA PRIVATLEKTION MED MIG S\u00c5 G\u00c5 VIA DIN VANLIGA MAIL OCH KONTAKTA MIG P\u00c5, ulrika@ptullis.se<\/span><\/p>\n<p><span style=\"font-weight: bold;\">&nbsp;ANV\u00c4ND ALLATS\u00c5 <u>EJ<\/u> FORMUL\u00c4RET OCH SKICKAKNAPPEN NEDAN.&nbsp;<\/span><\/p>\t\t\t\t\t\t\t\t<\/div>\n\t\t\t\t<\/div>\n\t\t\t\t\t<\/div>\n\t\t\t\t<\/div>\n\t\t<div class=\"elementor-element elementor-element-db1fc30 e-flex e-con-boxed e-con e-parent\" data-id=\"db1fc30\" data-element_type=\"container\" data-e-type=\"container\">\n\t\t\t\t\t<div class=\"e-con-inner\">\n\t\t\t\t<div class=\"elementor-element elementor-element-8c64960 elementor-button-align-end elementor-widget elementor-widget-form\" data-id=\"8c64960\" data-element_type=\"widget\" data-e-type=\"widget\" data-settings=\"{&quot;step_next_label&quot;:&quot;N\\u00e4sta&quot;,&quot;step_previous_label&quot;:&quot;F\\u00f6reg\\u00e5ende&quot;,&quot;step_type&quot;:&quot;number_text&quot;,&quot;step_icon_shape&quot;:&quot;circle&quot;}\" data-widget_type=\"form.default\">\n\t\t\t\t<div class=\"elementor-widget-container\">\n\t\t\t\t\t\t\t<form class=\"elementor-form\" method=\"post\" name=\"Boka privatlektioner rullskidor\" aria-label=\"Boka privatlektioner rullskidor\">\n\t\t\t<input type=\"hidden\" name=\"post_id\" value=\"1619\"\/>\n\t\t\t<input type=\"hidden\" name=\"form_id\" value=\"8c64960\"\/>\n\t\t\t<input type=\"hidden\" name=\"referer_title\" value=\"Boka privatlektion rullskidor - PT Ullis\" \/>\n\n\t\t\t\t\t\t\t<input type=\"hidden\" name=\"queried_id\" value=\"1619\"\/>\n\t\t\t\n\t\t\t<div class=\"elementor-form-fields-wrapper elementor-labels-above\">\n\t\t\t\t\t\t\t\t<div class=\"elementor-field-type-radio elementor-field-group elementor-column elementor-field-group-name elementor-col-50\">\n\t\t\t\t\t\t\t\t\t\t\t\t<label for=\"form-field-name\" class=\"elementor-field-label\">\n\t\t\t\t\t\t\t\t<strong>Antal personer<\/strong>\t\t\t\t\t\t\t<\/label>\n\t\t\t\t\t\t<div class=\"elementor-field-subgroup  \"><span class=\"elementor-field-option\"><input type=\"radio\" value=\"1 person: (60 min) 1150 kr \" id=\"form-field-name-0\" name=\"form_fields[name]\"> <label for=\"form-field-name-0\">1 person: (60 min) 1150 kr <\/label><\/span><span class=\"elementor-field-option\"><input type=\"radio\" value=\"2-3 personer: 850 kr\/person (75 min) \" id=\"form-field-name-1\" name=\"form_fields[name]\"> <label for=\"form-field-name-1\">2-3 personer: 850 kr\/person (75 min) <\/label><\/span><span class=\"elementor-field-option\"><input type=\"radio\" value=\"4-5 personer: 600 kr\/person (75 min)\" id=\"form-field-name-2\" name=\"form_fields[name]\"> <label for=\"form-field-name-2\">4-5 personer: 600 kr\/person (75 min)<\/label><\/span><\/div>\t\t\t\t<\/div>\n\t\t\t\t\t\t\t\t<div class=\"elementor-field-type-radio elementor-field-group elementor-column elementor-field-group-field_dc1792b elementor-col-50\">\n\t\t\t\t\t\t\t\t\t\t\t\t<label for=\"form-field-field_dc1792b\" class=\"elementor-field-label\">\n\t\t\t\t\t\t\t\t<strong>PT-paket<\/strong>\t\t\t\t\t\t\t<\/label>\n\t\t\t\t\t\t<div class=\"elementor-field-subgroup  \"><span class=\"elementor-field-option\"><input type=\"radio\" value=\"3 lektioner: 2950kr \" id=\"form-field-field_dc1792b-0\" name=\"form_fields[field_dc1792b]\"> <label for=\"form-field-field_dc1792b-0\">3 lektioner: 2950kr <\/label><\/span><span class=\"elementor-field-option\"><input type=\"radio\" value=\"5 lektioner: 4750 kr \" id=\"form-field-field_dc1792b-1\" name=\"form_fields[field_dc1792b]\"> <label for=\"form-field-field_dc1792b-1\">5 lektioner: 4750 kr <\/label><\/span><span class=\"elementor-field-option\"><input type=\"radio\" value=\"10 lektioner: 7950 kr\" id=\"form-field-field_dc1792b-2\" name=\"form_fields[field_dc1792b]\"> <label for=\"form-field-field_dc1792b-2\">10 lektioner: 7950 kr<\/label><\/span><\/div>\t\t\t\t<\/div>\n\t\t\t\t\t\t\t\t<div class=\"elementor-field-type-text elementor-field-group elementor-column elementor-field-group-field_9a8834d elementor-col-50\">\n\t\t\t\t\t\t\t\t\t\t\t\t<label for=\"form-field-field_9a8834d\" class=\"elementor-field-label\">\n\t\t\t\t\t\t\t\tNamn\t\t\t\t\t\t\t<\/label>\n\t\t\t\t\t\t\t\t\t\t\t\t\t\t<input size=\"1\" type=\"text\" name=\"form_fields[field_9a8834d]\" id=\"form-field-field_9a8834d\" class=\"elementor-field elementor-size-sm  elementor-field-textual\" placeholder=\"Namn\">\n\t\t\t\t\t\t\t\t\t\t\t<\/div>\n\t\t\t\t\t\t\t\t<div class=\"elementor-field-type-email elementor-field-group elementor-column elementor-field-group-email elementor-col-50 elementor-field-required\">\n\t\t\t\t\t\t\t\t\t\t\t\t<label for=\"form-field-email\" class=\"elementor-field-label\">\n\t\t\t\t\t\t\t\tE-post\t\t\t\t\t\t\t<\/label>\n\t\t\t\t\t\t\t\t\t\t\t\t\t\t<input size=\"1\" type=\"email\" name=\"form_fields[email]\" id=\"form-field-email\" class=\"elementor-field elementor-size-sm  elementor-field-textual\" placeholder=\"E-post\" required=\"required\">\n\t\t\t\t\t\t\t\t\t\t\t<\/div>\n\t\t\t\t\t\t\t\t<div class=\"elementor-field-type-textarea elementor-field-group elementor-column elementor-field-group-message elementor-col-100\">\n\t\t\t\t\t\t\t\t\t\t\t\t<label for=\"form-field-message\" class=\"elementor-field-label\">\n\t\t\t\t\t\t\t\tMeddelande\t\t\t\t\t\t\t<\/label>\n\t\t\t\t\t\t<textarea class=\"elementor-field-textual elementor-field  elementor-size-sm\" name=\"form_fields[message]\" id=\"form-field-message\" rows=\"4\" placeholder=\"Meddelande\"><\/textarea>\t\t\t\t<\/div>\n\t\t\t\t\t\t\t\t<div class=\"elementor-field-group elementor-column elementor-field-type-submit elementor-col-100 e-form__buttons\">\n\t\t\t\t\t<button class=\"elementor-button elementor-size-sm\" type=\"submit\" id=\"form-button\">\n\t\t\t\t\t\t<span class=\"elementor-button-content-wrapper\">\n\t\t\t\t\t\t\t\t\t\t\t\t\t\t\t\t\t\t\t\t\t\t<span class=\"elementor-button-text\">Skicka<\/span>\n\t\t\t\t\t\t\t\t\t\t\t\t\t<\/span>\n\t\t\t\t\t<\/button>\n\t\t\t\t<\/div>\n\t\t\t<\/div>\n\t\t<\/form>\n\t\t\t\t\t\t<\/div>\n\t\t\t\t<\/div>\n\t\t\t\t\t<\/div>\n\t\t\t\t<\/div>\n\t\t\t\t<\/div>\n\t\t","protected":false},"excerpt":{"rendered":"<p>Boka privatlektioner Ange nedan vad du \u00e4r intresserad av och dina kontaktuppgifter s\u00e5 kommer jag snarast kontakta dig f\u00f6r att komma \u00f6verens om uppl\u00e4gget. Beskriv g\u00e4rna i meddelanderutan vad du har f\u00f6r behov! Betalning sker till bankgiro eller Swish n\u00e4r just ditt uppl\u00e4gg \u00e4r klart. JUST NU S\u00c5 FUNGERAR EJ KONTAKTF\u00d6RMUL\u00c4RET NEDAN.&nbsp; F\u00d6R ATT BOKA [&hellip;]<\/p>\n","protected":false},"author":1,"featured_media":0,"parent":0,"menu_order":0,"comment_status":"closed","ping_status":"closed","template":"elementor_header_footer","meta":{"footnotes":""},"class_list":["post-1619","page","type-page","status-publish","hentry"],"yoast_head":"<!-- This site is optimized with the Yoast SEO plugin v27.5 - https:\/\/yoast.com\/product\/yoast-seo-wordpress\/ -->\n<title>Boka privatlektion rullskidor - PT Ullis<\/title>\n<meta name=\"description\" content=\"Boka en lektion. Vill du l\u00e4ra dig \u00e5ka rullskidor\/utveckla din \u00e5kning? D\u00e5 \u00e4r det en god id\u00e9 att boka en privatlektion.\" \/>\n<meta name=\"robots\" content=\"index, follow, max-snippet:-1, max-image-preview:large, max-video-preview:-1\" \/>\n<link rel=\"canonical\" href=\"https:\/\/ptullis.se\/?page_id=1619\" \/>\n<meta property=\"og:locale\" content=\"sv_SE\" \/>\n<meta property=\"og:type\" content=\"article\" \/>\n<meta property=\"og:title\" content=\"Boka privatlektion rullskidor - PT Ullis\" \/>\n<meta property=\"og:description\" content=\"Boka en lektion. Vill du l\u00e4ra dig \u00e5ka rullskidor\/utveckla din \u00e5kning? D\u00e5 \u00e4r det en god id\u00e9 att boka en privatlektion.\" \/>\n<meta property=\"og:url\" content=\"https:\/\/ptullis.se\/?page_id=1619\" \/>\n<meta property=\"og:site_name\" content=\"PT Ullis\" \/>\n<meta property=\"article:modified_time\" content=\"2026-04-16T15:04:27+00:00\" \/>\n<meta name=\"twitter:card\" content=\"summary_large_image\" \/>\n<meta name=\"twitter:label1\" content=\"Ber\u00e4knad l\u00e4stid\" \/>\n\t<meta name=\"twitter:data1\" content=\"1 minut\" \/>\n<script type=\"application\/ld+json\" class=\"yoast-schema-graph\">{\"@context\":\"https:\\\/\\\/schema.org\",\"@graph\":[{\"@type\":\"WebPage\",\"@id\":\"https:\\\/\\\/ptullis.se\\\/?page_id=1619\",\"url\":\"https:\\\/\\\/ptullis.se\\\/?page_id=1619\",\"name\":\"Boka privatlektion rullskidor - PT Ullis\",\"isPartOf\":{\"@id\":\"https:\\\/\\\/ptullis.se\\\/#website\"},\"datePublished\":\"2022-03-31T05:01:37+00:00\",\"dateModified\":\"2026-04-16T15:04:27+00:00\",\"description\":\"Boka en lektion. Vill du l\u00e4ra dig \u00e5ka rullskidor\\\/utveckla din \u00e5kning? D\u00e5 \u00e4r det en god id\u00e9 att boka en privatlektion.\",\"breadcrumb\":{\"@id\":\"https:\\\/\\\/ptullis.se\\\/?page_id=1619#breadcrumb\"},\"inLanguage\":\"sv-SE\",\"potentialAction\":[{\"@type\":\"ReadAction\",\"target\":[\"https:\\\/\\\/ptullis.se\\\/?page_id=1619\"]}]},{\"@type\":\"BreadcrumbList\",\"@id\":\"https:\\\/\\\/ptullis.se\\\/?page_id=1619#breadcrumb\",\"itemListElement\":[{\"@type\":\"ListItem\",\"position\":1,\"name\":\"Hem\",\"item\":\"https:\\\/\\\/ptullis.se\\\/\"},{\"@type\":\"ListItem\",\"position\":2,\"name\":\"Boka privatlektion rullskidor\"}]},{\"@type\":\"WebSite\",\"@id\":\"https:\\\/\\\/ptullis.se\\\/#website\",\"url\":\"https:\\\/\\\/ptullis.se\\\/\",\"name\":\"PT Ullis\",\"description\":\"Sport och Coachning\",\"publisher\":{\"@id\":\"https:\\\/\\\/ptullis.se\\\/#organization\"},\"potentialAction\":[{\"@type\":\"SearchAction\",\"target\":{\"@type\":\"EntryPoint\",\"urlTemplate\":\"https:\\\/\\\/ptullis.se\\\/?s={search_term_string}\"},\"query-input\":{\"@type\":\"PropertyValueSpecification\",\"valueRequired\":true,\"valueName\":\"search_term_string\"}}],\"inLanguage\":\"sv-SE\"},{\"@type\":\"Organization\",\"@id\":\"https:\\\/\\\/ptullis.se\\\/#organization\",\"name\":\"PT Ullis\",\"url\":\"https:\\\/\\\/ptullis.se\\\/\",\"logo\":{\"@type\":\"ImageObject\",\"inLanguage\":\"sv-SE\",\"@id\":\"https:\\\/\\\/ptullis.se\\\/#\\\/schema\\\/logo\\\/image\\\/\",\"url\":\"https:\\\/\\\/ptullis.se\\\/wp-content\\\/uploads\\\/2020\\\/02\\\/Logotype.png\",\"contentUrl\":\"https:\\\/\\\/ptullis.se\\\/wp-content\\\/uploads\\\/2020\\\/02\\\/Logotype.png\",\"width\":1819,\"height\":548,\"caption\":\"PT Ullis\"},\"image\":{\"@id\":\"https:\\\/\\\/ptullis.se\\\/#\\\/schema\\\/logo\\\/image\\\/\"}}]}<\/script>\n<!-- \/ Yoast SEO plugin. -->","yoast_head_json":{"title":"Boka privatlektion rullskidor - PT Ullis","description":"Boka en lektion. Vill du l\u00e4ra dig \u00e5ka rullskidor\/utveckla din \u00e5kning? D\u00e5 \u00e4r det en god id\u00e9 att boka en privatlektion.","robots":{"index":"index","follow":"follow","max-snippet":"max-snippet:-1","max-image-preview":"max-image-preview:large","max-video-preview":"max-video-preview:-1"},"canonical":"https:\/\/ptullis.se\/?page_id=1619","og_locale":"sv_SE","og_type":"article","og_title":"Boka privatlektion rullskidor - PT Ullis","og_description":"Boka en lektion. Vill du l\u00e4ra dig \u00e5ka rullskidor\/utveckla din \u00e5kning? D\u00e5 \u00e4r det en god id\u00e9 att boka en privatlektion.","og_url":"https:\/\/ptullis.se\/?page_id=1619","og_site_name":"PT Ullis","article_modified_time":"2026-04-16T15:04:27+00:00","twitter_card":"summary_large_image","twitter_misc":{"Ber\u00e4knad l\u00e4stid":"1 minut"},"schema":{"@context":"https:\/\/schema.org","@graph":[{"@type":"WebPage","@id":"https:\/\/ptullis.se\/?page_id=1619","url":"https:\/\/ptullis.se\/?page_id=1619","name":"Boka privatlektion rullskidor - PT Ullis","isPartOf":{"@id":"https:\/\/ptullis.se\/#website"},"datePublished":"2022-03-31T05:01:37+00:00","dateModified":"2026-04-16T15:04:27+00:00","description":"Boka en lektion. Vill du l\u00e4ra dig \u00e5ka rullskidor\/utveckla din \u00e5kning? D\u00e5 \u00e4r det en god id\u00e9 att boka en privatlektion.","breadcrumb":{"@id":"https:\/\/ptullis.se\/?page_id=1619#breadcrumb"},"inLanguage":"sv-SE","potentialAction":[{"@type":"ReadAction","target":["https:\/\/ptullis.se\/?page_id=1619"]}]},{"@type":"BreadcrumbList","@id":"https:\/\/ptullis.se\/?page_id=1619#breadcrumb","itemListElement":[{"@type":"ListItem","position":1,"name":"Hem","item":"https:\/\/ptullis.se\/"},{"@type":"ListItem","position":2,"name":"Boka privatlektion rullskidor"}]},{"@type":"WebSite","@id":"https:\/\/ptullis.se\/#website","url":"https:\/\/ptullis.se\/","name":"PT Ullis","description":"Sport och Coachning","publisher":{"@id":"https:\/\/ptullis.se\/#organization"},"potentialAction":[{"@type":"SearchAction","target":{"@type":"EntryPoint","urlTemplate":"https:\/\/ptullis.se\/?s={search_term_string}"},"query-input":{"@type":"PropertyValueSpecification","valueRequired":true,"valueName":"search_term_string"}}],"inLanguage":"sv-SE"},{"@type":"Organization","@id":"https:\/\/ptullis.se\/#organization","name":"PT Ullis","url":"https:\/\/ptullis.se\/","logo":{"@type":"ImageObject","inLanguage":"sv-SE","@id":"https:\/\/ptullis.se\/#\/schema\/logo\/image\/","url":"https:\/\/ptullis.se\/wp-content\/uploads\/2020\/02\/Logotype.png","contentUrl":"https:\/\/ptullis.se\/wp-content\/uploads\/2020\/02\/Logotype.png","width":1819,"height":548,"caption":"PT Ullis"},"image":{"@id":"https:\/\/ptullis.se\/#\/schema\/logo\/image\/"}}]}},"_links":{"self":[{"href":"https:\/\/ptullis.se\/index.php?rest_route=\/wp\/v2\/pages\/1619","targetHints":{"allow":["GET"]}}],"collection":[{"href":"https:\/\/ptullis.se\/index.php?rest_route=\/wp\/v2\/pages"}],"about":[{"href":"https:\/\/ptullis.se\/index.php?rest_route=\/wp\/v2\/types\/page"}],"author":[{"embeddable":true,"href":"https:\/\/ptullis.se\/index.php?rest_route=\/wp\/v2\/users\/1"}],"replies":[{"embeddable":true,"href":"https:\/\/ptullis.se\/index.php?rest_route=%2Fwp%2Fv2%2Fcomments&post=1619"}],"version-history":[{"count":83,"href":"https:\/\/ptullis.se\/index.php?rest_route=\/wp\/v2\/pages\/1619\/revisions"}],"predecessor-version":[{"id":6120,"href":"https:\/\/ptullis.se\/index.php?rest_route=\/wp\/v2\/pages\/1619\/revisions\/6120"}],"wp:attachment":[{"href":"https:\/\/ptullis.se\/index.php?rest_route=%2Fwp%2Fv2%2Fmedia&parent=1619"}],"curies":[{"name":"wp","href":"https:\/\/api.w.org\/{rel}","templated":true}]}}